{"id":95,"date":"2023-07-14T07:31:10","date_gmt":"2023-07-14T07:31:10","guid":{"rendered":"http:\/\/localhost:8667\/?page_id=95"},"modified":"2023-11-14T17:18:10","modified_gmt":"2023-11-14T17:18:10","slug":"etusivu","status":"publish","type":"page","link":"https:\/\/mcmoka.fi\/","title":{"rendered":"Metal Club M\u00f6k\u00e4"},"content":{"rendered":"\r\n<div class=\"wp-block-columns is-layout-flex wp-container-core-columns-is-layout-9d6595d7 wp-block-columns-is-layout-flex\">\r\n<div class=\"wp-block-column is-layout-flow wp-block-column-is-layout-flow\">\r\n<p>Metal Club M\u00f6k\u00e4 on Aalto-yliopiston kulttuuriyhdistys, jonka tavoite on julistaa hevay metal -musiikin pyh\u00e4\u00e4, ylev\u00e4\u00e4 sanomaa joka niemehen, notkohon ja saarelmaan. M\u00f6k\u00e4 toimii Aallon metallistiopiskelijoiden kokoavana voimana.<\/p>\r\n\r\n\r\n\r\n<p>Kerhohuoneemme sijaitsee osoitteessa J\u00e4mer\u00e4ntaival 7 A.<\/p>\r\n\r\n\r\n\r\n<p><a href=\"http:\/\/mcmoka.fi\/?page_id=13\" data-type=\"page\" data-id=\"13\">UKK<\/a><br \/><a href=\"http:\/\/mcmoka.fi\/?page_id=7\" data-type=\"page\" data-id=\"7\">Liity j\u00e4seneksi!<\/a><\/p>\r\n<\/div>\r\n\r\n\r\n\r\n<div class=\"wp-block-column is-layout-flow wp-block-column-is-layout-flow\"><div class=\"wp-block-image\">\r\n<figure class=\"aligncenter size-full\"><img loading=\"lazy\" decoding=\"async\" width=\"178\" height=\"124\" class=\"wp-image-121\" src=\"https:\/\/mcmoka.fi\/wp-content\/uploads\/2023\/07\/hevay_is_the_way.jpg\" alt=\"\" \/><\/figure>\r\n<\/div><\/div>\r\n<\/div>\r\n","protected":false},"excerpt":{"rendered":"<p>Metal Club M\u00f6k\u00e4 on Aalto-yliopiston kulttuuriyhdistys, jonka tavoite on julistaa hevay metal -musiikin pyh\u00e4\u00e4, ylev\u00e4\u00e4 sanomaa joka niemehen, notkohon ja saarelmaan. M\u00f6k\u00e4 toimii Aallon metallistiopiskelijoiden kokoavana voimana. Kerhohuoneemme sijaitsee osoitteessa J\u00e4mer\u00e4ntaival 7 A. UKKLiity j\u00e4seneksi!<\/p>\n","protected":false},"author":1,"featured_media":0,"parent":0,"menu_order":0,"comment_status":"closed","ping_status":"closed","template":"","meta":{"footnotes":""},"class_list":["post-95","page","type-page","status-publish"],"_links":{"self":[{"href":"https:\/\/mcmoka.fi\/index.php?rest_route=\/wp\/v2\/pages\/95","targetHints":{"allow":["GET"]}}],"collection":[{"href":"https:\/\/mcmoka.fi\/index.php?rest_route=\/wp\/v2\/pages"}],"about":[{"href":"https:\/\/mcmoka.fi\/index.php?rest_route=\/wp\/v2\/types\/page"}],"author":[{"embeddable":true,"href":"https:\/\/mcmoka.fi\/index.php?rest_route=\/wp\/v2\/users\/1"}],"replies":[{"embeddable":true,"href":"https:\/\/mcmoka.fi\/index.php?rest_route=%2Fwp%2Fv2%2Fcomments&post=95"}],"version-history":[{"count":18,"href":"https:\/\/mcmoka.fi\/index.php?rest_route=\/wp\/v2\/pages\/95\/revisions"}],"predecessor-version":[{"id":672,"href":"https:\/\/mcmoka.fi\/index.php?rest_route=\/wp\/v2\/pages\/95\/revisions\/672"}],"wp:attachment":[{"href":"https:\/\/mcmoka.fi\/index.php?rest_route=%2Fwp%2Fv2%2Fmedia&parent=95"}],"curies":[{"name":"wp","href":"https:\/\/api.w.org\/{rel}","templated":true}]}}