{"id":9,"date":"2016-09-01T20:29:12","date_gmt":"2016-09-01T20:29:12","guid":{"rendered":"http:\/\/localhost:8667\/?p=9"},"modified":"2023-07-21T09:05:57","modified_gmt":"2023-07-21T09:05:57","slug":"yhdistys","status":"publish","type":"page","link":"https:\/\/mcmoka.fi\/?page_id=9","title":{"rendered":"Yhdistys"},"content":{"rendered":"\n<div class=\"wp-block-group\"><div class=\"wp-block-group__inner-container is-layout-constrained wp-block-group-is-layout-constrained\">\n<p>Metal Club M\u00f6k\u00e4 on Aalto-yliopiston raskaan musiikin yst\u00e4vien oma yhdistys ja kokoava voima.<\/p>\n\n\n\n<p>M\u00f6k\u00e4ll\u00e4 on <a href=\"http:\/\/mcmoka.fi\/?page_id=12\" data-type=\"page\" data-id=\"12\">kerhohuone<\/a> osoitteessa J\u00e4mer\u00e4ntaival 7 A.<\/p>\n<\/div><\/div>\n","protected":false},"excerpt":{"rendered":"<p>Metal Club M\u00f6k\u00e4 on Aalto-yliopiston raskaan musiikin yst\u00e4vien oma yhdistys ja kokoava voima. M\u00f6k\u00e4ll\u00e4 on kerhohuone osoitteessa J\u00e4mer\u00e4ntaival 7 A.<\/p>\n","protected":false},"author":1,"featured_media":0,"parent":0,"menu_order":14,"comment_status":"open","ping_status":"open","template":"","meta":{"footnotes":""},"class_list":["post-9","page","type-page","status-publish"],"_links":{"self":[{"href":"https:\/\/mcmoka.fi\/index.php?rest_route=\/wp\/v2\/pages\/9","targetHints":{"allow":["GET"]}}],"collection":[{"href":"https:\/\/mcmoka.fi\/index.php?rest_route=\/wp\/v2\/pages"}],"about":[{"href":"https:\/\/mcmoka.fi\/index.php?rest_route=\/wp\/v2\/types\/page"}],"author":[{"embeddable":true,"href":"https:\/\/mcmoka.fi\/index.php?rest_route=\/wp\/v2\/users\/1"}],"replies":[{"embeddable":true,"href":"https:\/\/mcmoka.fi\/index.php?rest_route=%2Fwp%2Fv2%2Fcomments&post=9"}],"version-history":[{"count":3,"href":"https:\/\/mcmoka.fi\/index.php?rest_route=\/wp\/v2\/pages\/9\/revisions"}],"predecessor-version":[{"id":495,"href":"https:\/\/mcmoka.fi\/index.php?rest_route=\/wp\/v2\/pages\/9\/revisions\/495"}],"wp:attachment":[{"href":"https:\/\/mcmoka.fi\/index.php?rest_route=%2Fwp%2Fv2%2Fmedia&parent=9"}],"curies":[{"name":"wp","href":"https:\/\/api.w.org\/{rel}","templated":true}]}}