{"id":731,"date":"2025-02-04T18:36:02","date_gmt":"2025-02-04T18:36:02","guid":{"rendered":"https:\/\/mcmoka.fi\/?page_id=731"},"modified":"2025-02-04T18:36:02","modified_gmt":"2025-02-04T18:36:02","slug":"history-photos","status":"publish","type":"page","link":"https:\/\/mcmoka.fi\/?page_id=731&lang=en","title":{"rendered":"History + photos"},"content":{"rendered":"<p>M\u00f6k\u00e4&#8217;s 15-year history review + some old and some newer photos can be found in M\u00f6k\u00e4&#8217;s google drive.<\/p>\n<p><a href=\"https:\/\/drive.google.com\/drive\/folders\/1FPAIvqZxCY59VkXrsCFk1XYl3MpnXMNI?usp=drive_link\" target=\"_blank\" rel=\"noopener\">&gt;&gt;&gt; M\u00f6k\u00e4 Drive &lt;&lt;&lt;<\/a><\/p>\n","protected":false},"excerpt":{"rendered":"<p>M\u00f6k\u00e4&#8217;s 15-year history review + some old and some newer photos can be found in M\u00f6k\u00e4&#8217;s google drive. &gt;&gt;&gt; M\u00f6k\u00e4 Drive &lt;&lt;&lt;<\/p>\n","protected":false},"author":1,"featured_media":0,"parent":0,"menu_order":0,"comment_status":"closed","ping_status":"closed","template":"","meta":{"footnotes":""},"class_list":["post-731","page","type-page","status-publish"],"_links":{"self":[{"href":"https:\/\/mcmoka.fi\/index.php?rest_route=\/wp\/v2\/pages\/731","targetHints":{"allow":["GET"]}}],"collection":[{"href":"https:\/\/mcmoka.fi\/index.php?rest_route=\/wp\/v2\/pages"}],"about":[{"href":"https:\/\/mcmoka.fi\/index.php?rest_route=\/wp\/v2\/types\/page"}],"author":[{"embeddable":true,"href":"https:\/\/mcmoka.fi\/index.php?rest_route=\/wp\/v2\/users\/1"}],"replies":[{"embeddable":true,"href":"https:\/\/mcmoka.fi\/index.php?rest_route=%2Fwp%2Fv2%2Fcomments&post=731"}],"version-history":[{"count":1,"href":"https:\/\/mcmoka.fi\/index.php?rest_route=\/wp\/v2\/pages\/731\/revisions"}],"predecessor-version":[{"id":732,"href":"https:\/\/mcmoka.fi\/index.php?rest_route=\/wp\/v2\/pages\/731\/revisions\/732"}],"wp:attachment":[{"href":"https:\/\/mcmoka.fi\/index.php?rest_route=%2Fwp%2Fv2%2Fmedia&parent=731"}],"curies":[{"name":"wp","href":"https:\/\/api.w.org\/{rel}","templated":true}]}}