{"id":642,"date":"2023-09-18T11:39:36","date_gmt":"2023-09-18T11:39:36","guid":{"rendered":"https:\/\/mcmoka.fi\/?page_id=642"},"modified":"2025-02-04T18:33:30","modified_gmt":"2025-02-04T18:33:30","slug":"historiikki","status":"publish","type":"page","link":"https:\/\/mcmoka.fi\/?page_id=642","title":{"rendered":"Historiikki + valokuvia"},"content":{"rendered":"<p>Historiikki sek\u00e4 jotain wanhoja sek\u00e4 my\u00f6s uudempia kuvia l\u00f6ytyy M\u00f6k\u00e4n google drivest\u00e4.<\/p>\n<p><a href=\"https:\/\/drive.google.com\/drive\/folders\/1FPAIvqZxCY59VkXrsCFk1XYl3MpnXMNI?usp=drive_link\" target=\"_blank\" rel=\"noopener\">&gt;&gt;&gt; M\u00f6k\u00e4n Drive &lt;&lt;&lt;<\/a><\/p>\n","protected":false},"excerpt":{"rendered":"<p>Historiikki sek\u00e4 jotain wanhoja sek\u00e4 my\u00f6s uudempia kuvia l\u00f6ytyy M\u00f6k\u00e4n google drivest\u00e4. &gt;&gt;&gt; M\u00f6k\u00e4n Drive &lt;&lt;&lt;<\/p>\n","protected":false},"author":1,"featured_media":0,"parent":0,"menu_order":0,"comment_status":"closed","ping_status":"closed","template":"","meta":{"footnotes":""},"class_list":["post-642","page","type-page","status-publish"],"_links":{"self":[{"href":"https:\/\/mcmoka.fi\/index.php?rest_route=\/wp\/v2\/pages\/642","targetHints":{"allow":["GET"]}}],"collection":[{"href":"https:\/\/mcmoka.fi\/index.php?rest_route=\/wp\/v2\/pages"}],"about":[{"href":"https:\/\/mcmoka.fi\/index.php?rest_route=\/wp\/v2\/types\/page"}],"author":[{"embeddable":true,"href":"https:\/\/mcmoka.fi\/index.php?rest_route=\/wp\/v2\/users\/1"}],"replies":[{"embeddable":true,"href":"https:\/\/mcmoka.fi\/index.php?rest_route=%2Fwp%2Fv2%2Fcomments&post=642"}],"version-history":[{"count":6,"href":"https:\/\/mcmoka.fi\/index.php?rest_route=\/wp\/v2\/pages\/642\/revisions"}],"predecessor-version":[{"id":730,"href":"https:\/\/mcmoka.fi\/index.php?rest_route=\/wp\/v2\/pages\/642\/revisions\/730"}],"wp:attachment":[{"href":"https:\/\/mcmoka.fi\/index.php?rest_route=%2Fwp%2Fv2%2Fmedia&parent=642"}],"curies":[{"name":"wp","href":"https:\/\/api.w.org\/{rel}","templated":true}]}}