{"id":58,"date":"2018-03-25T10:31:34","date_gmt":"2018-03-25T10:31:34","guid":{"rendered":"http:\/\/localhost:8667\/?p=58"},"modified":"2023-07-19T08:30:13","modified_gmt":"2023-07-19T08:30:13","slug":"saeaennoet","status":"publish","type":"page","link":"https:\/\/mcmoka.fi\/?page_id=58","title":{"rendered":"S\u00e4\u00e4nn\u00f6t"},"content":{"rendered":"<h3>Metal Club M\u00f6k\u00e4 ry:n s\u00e4\u00e4nn\u00f6t<\/h3>\n<div id=\"ez-toc-container\" class=\"ez-toc-v2_0_79_2 counter-hierarchy ez-toc-counter ez-toc-black ez-toc-container-direction\">\n<div class=\"ez-toc-title-container\">\n<p class=\"ez-toc-title\" style=\"cursor:inherit\">Sis\u00e4llysluettelo<\/p>\n<span class=\"ez-toc-title-toggle\"><a href=\"#\" class=\"ez-toc-pull-right ez-toc-btn ez-toc-btn-xs ez-toc-btn-default ez-toc-toggle\" aria-label=\"Toggle Table of Content\"><span class=\"ez-toc-js-icon-con\"><span class=\"\"><span class=\"eztoc-hide\" style=\"display:none;\">Toggle<\/span><span class=\"ez-toc-icon-toggle-span\"><svg style=\"fill: #999;color:#999\" xmlns=\"http:\/\/www.w3.org\/2000\/svg\" class=\"list-377408\" width=\"20px\" height=\"20px\" viewBox=\"0 0 24 24\" fill=\"none\"><path d=\"M6 6H4v2h2V6zm14 0H8v2h12V6zM4 11h2v2H4v-2zm16 0H8v2h12v-2zM4 16h2v2H4v-2zm16 0H8v2h12v-2z\" fill=\"currentColor\"><\/path><\/svg><svg style=\"fill: #999;color:#999\" class=\"arrow-unsorted-368013\" xmlns=\"http:\/\/www.w3.org\/2000\/svg\" width=\"10px\" height=\"10px\" viewBox=\"0 0 24 24\" version=\"1.2\" baseProfile=\"tiny\"><path d=\"M18.2 9.3l-6.2-6.3-6.2 6.3c-.2.2-.3.4-.3.7s.1.5.3.7c.2.2.4.3.7.3h11c.3 0 .5-.1.7-.3.2-.2.3-.5.3-.7s-.1-.5-.3-.7zM5.8 14.7l6.2 6.3 6.2-6.3c.2-.2.3-.5.3-.7s-.1-.5-.3-.7c-.2-.2-.4-.3-.7-.3h-11c-.3 0-.5.1-.7.3-.2.2-.3.5-.3.7s.1.5.3.7z\"\/><\/svg><\/span><\/span><\/span><\/a><\/span><\/div>\n<nav><ul class='ez-toc-list ez-toc-list-level-1 ' ><li class='ez-toc-page-1 ez-toc-heading-level-4'><a class=\"ez-toc-link ez-toc-heading-1\" href=\"https:\/\/mcmoka.fi\/?page_id=58\/#1_luku_Yleista\" >1. luku: Yleist\u00e4<\/a><\/li><li class='ez-toc-page-1 ez-toc-heading-level-4'><a class=\"ez-toc-link ez-toc-heading-2\" href=\"https:\/\/mcmoka.fi\/?page_id=58\/#2_luku_Jasenet_ja_maksut\" >2. luku: J\u00e4senet ja maksut<\/a><\/li><li class='ez-toc-page-1 ez-toc-heading-level-4'><a class=\"ez-toc-link ez-toc-heading-3\" href=\"https:\/\/mcmoka.fi\/?page_id=58\/#3_luku_Kerhon_kokoukset\" >3. luku: Kerhon kokoukset<\/a><\/li><li class='ez-toc-page-1 ez-toc-heading-level-4'><a class=\"ez-toc-link ez-toc-heading-4\" href=\"https:\/\/mcmoka.fi\/?page_id=58\/#4_luku_Hallitus\" >4. luku: Hallitus<\/a><\/li><li class='ez-toc-page-1 ez-toc-heading-level-4'><a class=\"ez-toc-link ez-toc-heading-5\" href=\"https:\/\/mcmoka.fi\/?page_id=58\/#5_luku_Toimihenkilot_ja_toimikunnat\" >5. luku: Toimihenkil\u00f6t ja toimikunnat<\/a><\/li><li class='ez-toc-page-1 ez-toc-heading-level-4'><a class=\"ez-toc-link ez-toc-heading-6\" href=\"https:\/\/mcmoka.fi\/?page_id=58\/#6_luku_Hallinto_ja_talous\" >6. luku: Hallinto ja talous<\/a><\/li><li class='ez-toc-page-1 ez-toc-heading-level-4'><a class=\"ez-toc-link ez-toc-heading-7\" href=\"https:\/\/mcmoka.fi\/?page_id=58\/#7_luku_Erityisia_maarayksia\" >7. luku: Erityisi\u00e4 m\u00e4\u00e4r\u00e4yksi\u00e4<\/a><\/li><\/ul><\/nav><\/div>\n<h4><span class=\"ez-toc-section\" id=\"1_luku_Yleista\"><\/span><strong>1. luku: Yleist\u00e4<\/strong><span class=\"ez-toc-section-end\"><\/span><\/h4>\n<p>1 \u00a7 Nimi ja kotipaikka<br \/>\nYhdistyksen nimi on Metal Club M\u00f6k\u00e4 ry, ep\u00e4virallisesti lyhennettyn\u00e4 MC M\u00f6k\u00e4. N\u00e4iss\u00e4 s\u00e4\u00e4nn\u00f6iss\u00e4 siit\u00e4 k\u00e4ytet\u00e4\u00e4n nimityst\u00e4 kerho. Kerhon kotipaikka on Espoon kaupunki.<\/p>\n<p>2 \u00a7 Kerhon tarkoitus ja toiminta<br \/>\nKerhon tarkoituksena on Aalto-yliopiston raskaan musiikin harrastajien yhdist\u00e4minen ja heid\u00e4n harrastuksensa kehitt\u00e4minen. Tarkoituksensa toteuttamiseksi kerho tarjoaa j\u00e4senilleen mahdollisuuden musiikin harrastamiseen muiden kerhon j\u00e4senien kanssa. Kerho voi j\u00e4rjest\u00e4\u00e4 j\u00e4senilleen matkoja alan tapahtumiin ja voi j\u00e4rjest\u00e4\u00e4 konsertti-, kilpailu-, kurssi- yms. tapahtumia my\u00f6s itse. Kerho voi j\u00e4rjest\u00e4\u00e4 my\u00f6s alaan liittyv\u00e4n materiaalin yhteistilauksia.<\/p>\n<p>3 \u00a7 Toiminnan tukeminen<br \/>\nToimintansa tukemiseksi kerho voi ottaa vastaan lahjoituksia ja testamentteja, omistaa toimintaansa varten tarpeellista omaisuutta sek\u00e4 toimeenpanna asianomaisen luvan saatuaan arpajaisia ja rahanker\u00e4yksi\u00e4.<\/p>\n<p>4 \u00a7 Kerhon kielet<br \/>\nKerhon virallinen kieli on suomi. P\u00f6yt\u00e4kirja- ja ilmoituskielen\u00e4 on suomi. Hallitus voi kokouksissaan k\u00e4ytt\u00e4\u00e4 valitsemaansa p\u00f6yt\u00e4kirjakielt\u00e4.<\/p>\n<h4><span class=\"ez-toc-section\" id=\"2_luku_Jasenet_ja_maksut\"><\/span><strong>2. luku: J\u00e4senet ja maksut<\/strong><span class=\"ez-toc-section-end\"><\/span><\/h4>\n<p>5 \u00a7 J\u00e4senet<br \/>\nKerhon j\u00e4seni\u00e4 ovat varsinaiset, ulko-, kannatus- ja kunniaj\u00e4senet. J\u00e4seneksi haluavan tulee ilmoittaa asiasta hallitukselle, joka hyv\u00e4ksyy j\u00e4senet. Kerhon varsinaiseksi j\u00e4seneksi voidaan hyv\u00e4ksy\u00e4 jokainen kerhon toiminnasta kiinnostunut Aalto-yliopiston Ylioppilaskunnan, josta n\u00e4iss\u00e4 s\u00e4\u00e4nn\u00f6iss\u00e4 my\u00f6hemmin k\u00e4ytet\u00e4\u00e4n nimityst\u00e4 AYY, j\u00e4sen. Varsinaisia j\u00e4seni\u00e4 voivat olla vain AYY:n j\u00e4senet. Vain varsinaisilla j\u00e4senill\u00e4 on \u00e4\u00e4nioikeus kerhon kokouksissa. Kerhon ulkoj\u00e4seneksi voidaan hyv\u00e4ksy\u00e4 kerhon toiminnasta kiinnostunut henkil\u00f6, jota ei voida hyv\u00e4ksy\u00e4 varsinaiseksi j\u00e4seneksi. Kerhon kannatusj\u00e4seneksi voidaan hyv\u00e4ksy\u00e4 kerhon toimintaa tukeva henkil\u00f6 tai yhteis\u00f6. Kerhon kunniaj\u00e4seneksi voi kerhon kokous kolmen nelj\u00e4sosan (3\/4) enemmist\u00f6ll\u00e4 annetuista \u00e4\u00e4nist\u00e4 kutsua henkil\u00f6n, joka on erityisesti ansioitunut kerhon toiminnassa tai muuten merkitt\u00e4v\u00e4sti edist\u00e4nyt sen pyrkimyksi\u00e4. Esityksen kunniaj\u00e4seneksi kutsumisesta tekee hallitus, mutta my\u00f6s kymmenen (10) kerhon j\u00e4sent\u00e4 k\u00e4sitt\u00e4v\u00e4ll\u00e4 ryhm\u00e4ll\u00e4 on siihen oikeus.<\/p>\n<p>6 \u00a7 J\u00e4senluettelo<br \/>\nKerhon on pidett\u00e4v\u00e4 kaikista j\u00e4senist\u00e4\u00e4n j\u00e4senluetteloa. J\u00e4sen on velvollinen ilmoittamaan kerholle kotipaikkaansa ja nimeens\u00e4 kohdistuvista muutoksista.<\/p>\n<p>7 \u00a7 J\u00e4senmaksut<br \/>\nJ\u00e4senet ovat velvollisia suorittamaan kalenterivuosittain kerholle j\u00e4senmaksun, jonka suuruuden m\u00e4\u00e4r\u00e4\u00e4 kerhon vuosikokous. Poikkeuksia ovat kuitenkin:<br \/>\n1. kunniaj\u00e4senet;<br \/>\n2. varsinaiset j\u00e4senet, jotka ovat tehneet poissaoloilmoituksen Aalto-yliopistoon koko j\u00e4senmaksukaudeksi, tai v\u00e4hint\u00e4\u00e4n puoleksi j\u00e4senmaksukautta silloin kun ovat maksaneet edellisen kauden j\u00e4senmaksun ja olleet kaudesta v\u00e4hint\u00e4\u00e4n puolet poissaolevana.<\/p>\n<p>8 \u00a7 Kerhosta eroaminen<br \/>\nJ\u00e4sen voi erota kerhosta ilmoittamalla siit\u00e4 kirjallisesti kerhon hallitukselle tai sen puheenjohtajalle tai suullisesti kerhon kokoukselle.<\/p>\n<p>9 \u00a7 Kerhosta erottaminen<br \/>\nJ\u00e4sen katsotaan eronneeksi, mik\u00e4li h\u00e4n ei ole suorittanut j\u00e4senmaksuaan yhden vuoden kuluessa er\u00e4p\u00e4iv\u00e4st\u00e4.<br \/>\nHallitus voi erottaa j\u00e4senen, joka on t\u00f6rke\u00e4sti toiminut vastoin kerhon tarkoitusta.<br \/>\nKerhon hallitus voi perustellusta syyst\u00e4 kielt\u00e4\u00e4 j\u00e4senen osanoton kerhon toimintaan m\u00e4\u00e4r\u00e4ajaksi. Kielto ei koske kerhon kokouksia.<br \/>\nEnnen p\u00e4\u00e4t\u00f6ksen tekemist\u00e4 asianomaiselle j\u00e4senelle on varattava tilaisuus selityksen antamiseen asiassa paitsi milloin erottamisen syyn\u00e4 on j\u00e4senmaksun maksamatta j\u00e4tt\u00e4minen.<br \/>\nErottamisp\u00e4\u00e4t\u00f6s on viipym\u00e4tt\u00e4 toimitettava kirjallisena erotetulle j\u00e4senelle.<\/p>\n<p>10 \u00a7 Erottamisp\u00e4\u00e4t\u00f6ksest\u00e4 valittaminen<br \/>\nErotetulla j\u00e4senell\u00e4 on oikeus kirjallisesti valittaa p\u00e4\u00e4t\u00f6ksest\u00e4 kerhon kokoukselle, jonka t\u00e4ytyy t\u00e4ll\u00f6in vahvistaa p\u00e4\u00e4t\u00f6s kolmen nelj\u00e4sosan (3\/4) enemmist\u00f6ll\u00e4 annetuista \u00e4\u00e4nist\u00e4. Valitus on toimitettava hallitukselle kolmenkymmenen (30) vuorokauden kuluessa hallituksen kokouksen tarkastetun p\u00f6yt\u00e4kirjan julkistamisesta kerhon s\u00e4hk\u00f6postilistalla ja se on k\u00e4sitelt\u00e4v\u00e4 l\u00e4hinn\u00e4 seuraavassa kerhon kokouksessa, kuitenkin viimeist\u00e4\u00e4n kuudenkymmenen (60) vuorokauden sis\u00e4ll\u00e4 valituksen j\u00e4tt\u00f6p\u00e4iv\u00e4st\u00e4.<\/p>\n<h4><span class=\"ez-toc-section\" id=\"3_luku_Kerhon_kokoukset\"><\/span><strong>3. luku: Kerhon kokoukset<\/strong><span class=\"ez-toc-section-end\"><\/span><\/h4>\n<p>11 \u00a7 Kerhon kokoukset<br \/>\nKerhon kokouksia ovat vuosikokous, vaalikokous ja ylim\u00e4\u00e4r\u00e4iset kokoukset.<\/p>\n<p>12 \u00a7 Vuosikokous<br \/>\nVuosikokous on pidett\u00e4v\u00e4 helmikuun loppuun menness\u00e4 ja siin\u00e4 on k\u00e4sitelt\u00e4v\u00e4 ainakin:<\/p>\n<ol>\n<li>toimintakertomus edelliselt\u00e4 vuodelta;<\/li>\n<li>tilikertomus ja tilinp\u00e4\u00e4t\u00f6s;<\/li>\n<li>toiminnantarkastajien lausunto;<\/li>\n<li>tilinp\u00e4\u00e4t\u00f6ksen hyv\u00e4ksyminen;<\/li>\n<li>vastuuvapauden my\u00f6nt\u00e4minen tilivelvollisille;<\/li>\n<li>hallituksen valmistelema toimintasuunnitelma kuluvalle toimikaudelle;<\/li>\n<li>hallituksen valmistelema talousarvio kuluvalle toimikaudelle;<\/li>\n<li>kerhon j\u00e4senmaksujen suuruus kuluvalle toimikaudelle;<\/li>\n<li>j\u00e4senmaksujen maksamisen er\u00e4p\u00e4iv\u00e4.<\/li>\n<\/ol>\n<p>13 \u00a7 Vaalikokous<br \/>\nVaalikokous on pidett\u00e4v\u00e4 marraskuun aikana ja siin\u00e4 on k\u00e4sitelt\u00e4v\u00e4 ainakin:<\/p>\n<ol>\n<li>hallituksen puheenjohtajan, sihteerin, rahastonhoitajan sek\u00e4 muiden hallituksen j\u00e4senten valinta seuraavaksi toimikaudeksi;<\/li>\n<li>kerhon toimihenkil\u00f6iden valinta seuraavaksi toimikaudeksi;<\/li>\n<li>kahden toiminnantarkastajan ja heid\u00e4n henkil\u00f6kohtaisten varamiestens\u00e4 valinta seuraavaksi toimikaudeksi.<\/li>\n<\/ol>\n<p>14 \u00a7 Ylim\u00e4\u00e4r\u00e4iset kokoukset<br \/>\nYlim\u00e4\u00e4r\u00e4inen kokous pidet\u00e4\u00e4n, kun kerhon kokous niin p\u00e4\u00e4tt\u00e4\u00e4 tai hallitus katsoo siihen olevan aihetta taikka v\u00e4hint\u00e4\u00e4n yksi kymmenesosa kerhon \u00e4\u00e4nioikeutetuista j\u00e4senist\u00e4 sit\u00e4 ilmoittamansa asian k\u00e4sittely\u00e4 varten vaatii. Kokous on pidett\u00e4v\u00e4 viimeist\u00e4\u00e4n nelj\u00e4ntoista (14) vuorokauden kuluessa vaatimuksen esitt\u00e4misest\u00e4, luentokausien ulkopuolella kuitenkin viimeist\u00e4\u00e4n kolmenkymmenen (30) vuorokauden kuluessa vaatimuksen esitt\u00e4misest\u00e4.<\/p>\n<p>15 \u00a7 Oikeudet kerhon kokouksissa<br \/>\nKerhon kokouksissa on l\u00e4sn\u00e4olo- ja puheoikeus kaikilla kerhon j\u00e4senill\u00e4. Varsinaisilla j\u00e4senill\u00e4 on esitysoikeus sek\u00e4 \u00e4\u00e4nioikeus siten, ett\u00e4 jokaisella on yksi (1) \u00e4\u00e4ni.<br \/>\nKokouksen p\u00e4\u00e4t\u00f6ksell\u00e4 voidaan my\u00f6s yhdistykseen kuulumattomalle my\u00f6nt\u00e4\u00e4 l\u00e4sn\u00e4olo-oikeus sek\u00e4 puheoikeus.<br \/>\nKerhon kokous voi my\u00f6nt\u00e4\u00e4 esitysoikeuden my\u00f6s muille j\u00e4senille kuin varsinaisille j\u00e4senille.<\/p>\n<p>16 \u00a7 P\u00e4\u00e4t\u00f6ksenteko<br \/>\nP\u00e4\u00e4t\u00f6kset kerhon kokouksessa tehd\u00e4\u00e4n ehdottomalla enemmist\u00f6ll\u00e4 annetuista \u00e4\u00e4nist\u00e4, ellei n\u00e4iss\u00e4 s\u00e4\u00e4nn\u00f6iss\u00e4 toisin m\u00e4\u00e4r\u00e4t\u00e4. \u00c4\u00e4nten jakautuessa tasan ratkaisee kokouksen puheenjohtajan mielipide, vaaleissa kuitenkin arpa.<\/p>\n<p>17 \u00a7 Koolle kutsuminen<br \/>\nKokouskutsussa on mainittava kokouksen aika, paikka ja kokouksessa k\u00e4sitelt\u00e4v\u00e4t asiat.<br \/>\nKutsu on julkaistava kerhon s\u00e4hk\u00f6postilistalla v\u00e4hint\u00e4\u00e4n viisi (5) luentovuorokautta tai seitsem\u00e4n (7) vuorokautta ennen kokousta, luentokausien ulkopuolella kuitenkin v\u00e4hint\u00e4\u00e4n nelj\u00e4toista (14) vuorokautta ennen kokousta.<\/p>\n<p>18 \u00a7 P\u00e4\u00e4t\u00f6svaltaisuus<br \/>\nKokous on p\u00e4\u00e4t\u00f6svaltainen, jos se on kutsuttu koolle s\u00e4\u00e4nt\u00f6jen m\u00e4\u00e4r\u00e4\u00e4m\u00e4ll\u00e4 tavalla.<\/p>\n<p>19 \u00a7 K\u00e4sitelt\u00e4v\u00e4t asiat<br \/>\nKokouksessa k\u00e4sitell\u00e4\u00e4n kokouskutsussa mainitut asiat. Kokous voi my\u00f6s ottaa k\u00e4sitelt\u00e4v\u00e4kseen asian, jonka kokous kolmen nelj\u00e4sosan (3\/4) enemmist\u00f6ll\u00e4 annetuista \u00e4\u00e4nist\u00e4 julistaa kiireelliseksi.<br \/>\nK\u00e4sitelt\u00e4ess\u00e4 kerhon s\u00e4\u00e4nt\u00f6jen muuttamista, \u00e4\u00e4nestys- ja vaalij\u00e4rjestyst\u00e4, hallituksen tai sen j\u00e4senen taikka toiminnantarkastajan valitsemista tai erottamista, tilinp\u00e4\u00e4t\u00f6ksen vahvistamista ja vastuuvapauden my\u00f6nt\u00e4mist\u00e4 tai kerhon purkamista on asiasta mainittava kokouskutsussa.<\/p>\n<p>20 \u00a7 Luottamus- tai toimihenkil\u00f6n erottaminen<br \/>\nKokous voi perustellusta syyst\u00e4 vapauttaa luottamus- tai toimihenkil\u00f6n kesken h\u00e4nen toimikauttansa, jolloin kokouskutsussa on siit\u00e4 mainittava.<\/p>\n<h4><span class=\"ez-toc-section\" id=\"4_luku_Hallitus\"><\/span><strong>4. luku: Hallitus<\/strong><span class=\"ez-toc-section-end\"><\/span><\/h4>\n<p>21 \u00a7 Hallitus<br \/>\nKerhon asioita hoitaa kalenterivuodeksi kerrallaan valittu hallitus.<br \/>\nHallitukseen kuuluu puheenjohtaja, sihteeri ja rahastonhoitaja sek\u00e4 kahdesta viiteen (2-5) muuta j\u00e4sent\u00e4.<br \/>\nVain kerhon varsinaiset j\u00e4senet ovat vaalikelpoisia kerhon hallituksen puheenjohtajaksi.<\/p>\n<p>22 \u00a7 Hallituksen teht\u00e4v\u00e4t<br \/>\nHallituksen teht\u00e4viin kuuluu:<\/p>\n<ol>\n<li>johtaa kerhon toimintaa;<\/li>\n<li>valmistella kerhon kokouksissa esille tulevat asiat ja toimeenpanna niiss\u00e4 tehdyt p\u00e4\u00e4t\u00f6kset;<\/li>\n<li>hoitaa kerhon taloutta ja omaisuutta;<\/li>\n<li>p\u00e4\u00e4tt\u00e4\u00e4 j\u00e4seneksi hyv\u00e4ksymisest\u00e4;<\/li>\n<li>laatia ehdotus kerhon toimintasuunnitelmaksi, talousarvioksi, toimintakertomukseksi ja tilinp\u00e4\u00e4t\u00f6kseksi;<\/li>\n<li>valvoa toimikuntien ja toimihenkil\u00f6iden toimintaa;<\/li>\n<li>kutsua kerhon kokoukset koolle tarpeen vaatiessa;<\/li>\n<li>edustaa kerhoa.<\/li>\n<\/ol>\n<p>23 \u00a7 Hallituksen j\u00e4senet<br \/>\nHallituksen puheenjohtaja kutsuu koolle hallituksen kokoukset ja johtaa puhetta niiss\u00e4, huolehtii kerhon kokousten koollekutsumisesta sek\u00e4 valvoo, ett\u00e4 kerhon toiminta on s\u00e4\u00e4nt\u00f6jen mukaista.<br \/>\nHallitus nime\u00e4\u00e4 keskuudestaan varapuheenjohtajan. Varapuheenjohtaja huolehtii puheenjohtajan teht\u00e4vist\u00e4 t\u00e4m\u00e4n ollessa estynyt.<br \/>\nSihteerin teht\u00e4v\u00e4n\u00e4 on laatia p\u00f6yt\u00e4kirjat kerhon kokouksista, pit\u00e4\u00e4 kirjaa kerhon j\u00e4senist\u00e4 ja huolehtia arkistosta.<br \/>\nRahastonhoitajan teht\u00e4v\u00e4n\u00e4 on hoitaa kerhon taloutta ja omaisuutta sek\u00e4 valmistella ehdotukset tilinp\u00e4\u00e4t\u00f6kseksi ja talousarvioksi.<\/p>\n<p>24 \u00a7 Hallituksen kokoukset<br \/>\nHallituksen kokous on p\u00e4\u00e4t\u00f6svaltainen, mik\u00e4li kokouksesta on tiedotettu hallituksen keskuudessaan sopimalla tavalla ja l\u00e4sn\u00e4 on yli puolet hallituksen j\u00e4senist\u00e4 siten, ett\u00e4 puheenjohtaja tai varapuheenjohtaja on l\u00e4sn\u00e4.<br \/>\nP\u00e4\u00e4t\u00f6kset tehd\u00e4\u00e4n ehdottomalla enemmist\u00f6ll\u00e4 annetuista \u00e4\u00e4nist\u00e4. Jos \u00e4\u00e4net jakautuvat tasan, ratkaisee puheenjohtajan mielipide, vaaleissa kuitenkin arpa.<\/p>\n<p>25 \u00a7 Kerhon nimenkirjoittajat<br \/>\nKerhon nimen kirjoittaa kaksi hallituksen j\u00e4sent\u00e4 yhdess\u00e4. N\u00e4ist\u00e4 toisen on oltava hallituksen puheenjohtaja tai varapuheenjohtaja.<br \/>\nHallitus voi oikeuttaa kerhon varsinaisen j\u00e4senen kirjoittamaan yhdistyksen nimen yksin.<\/p>\n<h4><span class=\"ez-toc-section\" id=\"5_luku_Toimihenkilot_ja_toimikunnat\"><\/span><strong>5. luku: Toimihenkil\u00f6t ja toimikunnat<\/strong><span class=\"ez-toc-section-end\"><\/span><\/h4>\n<p>26 \u00a7 Asettaminen, toimikausi ja toimintaan osallistuminen<br \/>\nKerho ja hallitus voivat erityisi\u00e4 teht\u00e4vi\u00e4 varten asettaa hallituksen alaisia toimikuntia ja toimihenkil\u00f6it\u00e4. T\u00e4ll\u00f6in on m\u00e4\u00e4r\u00e4tt\u00e4v\u00e4 toimikausien pituudet. Toimikausi ei kuitenkaan voi olla kalenterivuotta pidempi ja voi kest\u00e4\u00e4 enint\u00e4\u00e4n kulloisenkin hallituksen toimikauden loppuun saakka.<br \/>\nToimikunnan toimintaan voi osallistua kuka tahansa kerhon j\u00e4sen kiinnostuksensa mukaan.<\/p>\n<h4><span class=\"ez-toc-section\" id=\"6_luku_Hallinto_ja_talous\"><\/span><strong>6. luku: Hallinto ja talous<\/strong><span class=\"ez-toc-section-end\"><\/span><\/h4>\n<p>27 \u00a7 Toimi- ja tilikausi<br \/>\nKerhon toimi- ja tilikausi on kalenterivuosi.<\/p>\n<p>28 \u00a7 Toiminnantarkastajat<br \/>\nKerhon taloudenhoitoa ja hallintoa valvovat kaksi (2) toiminnantarkastajaa. Heid\u00e4n toimikautensa on kalenterivuosi. Hallituksen on toimitettava tilinp\u00e4\u00e4t\u00f6s tarvittavine asiakirjoineen sek\u00e4 toimintakertomus toiminnantarkastajille viimeist\u00e4\u00e4n kaksikymment\u00e4yksi (21) vuorokautta ennen vuosikokousta.<br \/>\nTilit on annettava tarkistettavaksi muutenkin pyydett\u00e4ess\u00e4.<br \/>\nToiminnantarkastajien tulee antaa hallitukselle kirjallinen, kerhon vuosikokoukselle osoitettu kertomus toimittamastaan kerhon hallinnon ja tilien tarkastuksesta viimeist\u00e4\u00e4n nelj\u00e4toista (14) vuorokautta ennen vuosikokousta.<\/p>\n<h4><span class=\"ez-toc-section\" id=\"7_luku_Erityisia_maarayksia\"><\/span><strong>7. luku: Erityisi\u00e4 m\u00e4\u00e4r\u00e4yksi\u00e4<\/strong><span class=\"ez-toc-section-end\"><\/span><\/h4>\n<p>29 \u00a7 Kerhon tunnukset ja merkit<br \/>\nKerhon tunnuksista, merkeist\u00e4 ja virallisesta ilmoitustaulusta p\u00e4\u00e4tt\u00e4\u00e4 kerhon kokous.<\/p>\n<p>30 \u00a7 S\u00e4\u00e4nt\u00f6jen muuttaminen<br \/>\nMuutoksia n\u00e4ihin s\u00e4\u00e4nt\u00f6ihin voidaan tehd\u00e4, jos muutosesitys on tullut hyv\u00e4ksytyksi v\u00e4hint\u00e4\u00e4n kolmen nelj\u00e4sosan (3\/4) enemmist\u00f6ll\u00e4 annetuista \u00e4\u00e4nist\u00e4 kahdessa (2) per\u00e4kk\u00e4isess\u00e4 kerhon kokouksessa, joiden v\u00e4li on v\u00e4hint\u00e4\u00e4n nelj\u00e4toista (14) vuorokautta. Muutosesitys on mainittava kokouskutsussa.<br \/>\nMuutosesityksen voi tehd\u00e4 hallitus, yksi kymmenesosa (1\/10) kerhon varsinaisista j\u00e4senist\u00e4 tai kymmenen (10) kerhon varsinaista j\u00e4sent\u00e4 kirjallisena hallitukselle. Varsinaisten j\u00e4senten tekem\u00e4 ehdotus on k\u00e4sitelt\u00e4v\u00e4 seuraavassa kerhon kokouksessa.<\/p>\n<p>31 \u00a7 Kerhon purkautuminen<br \/>\nKerho purkautuu, jos kerho tekee siit\u00e4 p\u00e4\u00e4t\u00f6ksen kolmen nelj\u00e4sosan (3\/4) enemmist\u00f6ll\u00e4 annetuista \u00e4\u00e4nist\u00e4 kahdessa (2) per\u00e4kk\u00e4isess\u00e4 kokouksessa, joiden v\u00e4li on v\u00e4hint\u00e4\u00e4n kolmekymment\u00e4 (30) vuorokautta.<br \/>\nPurkautumisesitys on mainittava kokouskutsussa.<br \/>\nKerhon purkauduttua tai sen tultua lakkautetuksi siirtyv\u00e4t sen varat AYY:lle k\u00e4ytett\u00e4v\u00e4ksi n\u00e4iden s\u00e4\u00e4nt\u00f6jen 2 \u00a7:n mukaiseen tarkoitukseen tai sen ollessa mahdotonta AYY:n toiminnan tukemiseen.<\/p>\n<p>32 \u00a7 S\u00e4\u00e4nt\u00f6muutoksen tai purkautumisen voimaantulo<br \/>\nS\u00e4\u00e4nt\u00f6muutos tai purkautumisp\u00e4\u00e4t\u00f6s tulee voimaan, kun se on merkitty yhdistysrekisteriin.<\/p>\n<p>33 \u00a7 S\u00e4\u00e4nn\u00f6iss\u00e4 m\u00e4\u00e4r\u00e4\u00e4m\u00e4tt\u00f6m\u00e4t asiat<br \/>\nS\u00e4\u00e4nn\u00f6iss\u00e4 m\u00e4\u00e4r\u00e4\u00e4m\u00e4tt\u00f6miss\u00e4 asioissa noudatetaan yhdistyslakia.<\/p>\n","protected":false},"excerpt":{"rendered":"<p>Metal Club M\u00f6k\u00e4 ry:n s\u00e4\u00e4nn\u00f6t 1. luku: Yleist\u00e4 1 \u00a7 Nimi ja kotipaikka Yhdistyksen nimi on Metal Club M\u00f6k\u00e4 ry, ep\u00e4virallisesti lyhennettyn\u00e4 MC M\u00f6k\u00e4. N\u00e4iss\u00e4 s\u00e4\u00e4nn\u00f6iss\u00e4 siit\u00e4 k\u00e4ytet\u00e4\u00e4n nimityst\u00e4 kerho. Kerhon kotipaikka on Espoon kaupunki. 2 \u00a7 Kerhon tarkoitus ja toiminta Kerhon tarkoituksena on Aalto-yliopiston raskaan musiikin harrastajien yhdist\u00e4minen ja heid\u00e4n harrastuksensa kehitt\u00e4minen. Tarkoituksensa toteuttamiseksi &#8230; <a title=\"S\u00e4\u00e4nn\u00f6t\" class=\"read-more\" href=\"https:\/\/mcmoka.fi\/?page_id=58\">Read more<span class=\"screen-reader-text\">S\u00e4\u00e4nn\u00f6t<\/span><\/a><\/p>\n","protected":false},"author":1,"featured_media":0,"parent":9,"menu_order":10,"comment_status":"open","ping_status":"open","template":"","meta":{"footnotes":""},"class_list":["post-58","page","type-page","status-publish"],"_links":{"self":[{"href":"https:\/\/mcmoka.fi\/index.php?rest_route=\/wp\/v2\/pages\/58","targetHints":{"allow":["GET"]}}],"collection":[{"href":"https:\/\/mcmoka.fi\/index.php?rest_route=\/wp\/v2\/pages"}],"about":[{"href":"https:\/\/mcmoka.fi\/index.php?rest_route=\/wp\/v2\/types\/page"}],"author":[{"embeddable":true,"href":"https:\/\/mcmoka.fi\/index.php?rest_route=\/wp\/v2\/users\/1"}],"replies":[{"embeddable":true,"href":"https:\/\/mcmoka.fi\/index.php?rest_route=%2Fwp%2Fv2%2Fcomments&post=58"}],"version-history":[{"count":3,"href":"https:\/\/mcmoka.fi\/index.php?rest_route=\/wp\/v2\/pages\/58\/revisions"}],"predecessor-version":[{"id":375,"href":"https:\/\/mcmoka.fi\/index.php?rest_route=\/wp\/v2\/pages\/58\/revisions\/375"}],"up":[{"embeddable":true,"href":"https:\/\/mcmoka.fi\/index.php?rest_route=\/wp\/v2\/pages\/9"}],"wp:attachment":[{"href":"https:\/\/mcmoka.fi\/index.php?rest_route=%2Fwp%2Fv2%2Fmedia&parent=58"}],"curies":[{"name":"wp","href":"https:\/\/api.w.org\/{rel}","templated":true}]}}