{"id":397,"date":"2023-07-19T08:54:01","date_gmt":"2023-07-19T08:54:01","guid":{"rendered":"http:\/\/dev.mcmoka.fi\/?page_id=397"},"modified":"2024-10-21T19:17:42","modified_gmt":"2024-10-21T19:17:42","slug":"played-bands","status":"publish","type":"page","link":"https:\/\/mcmoka.fi\/?page_id=397&lang=en","title":{"rendered":"Played bands"},"content":{"rendered":"<h3>Bands who have played in M\u00f6k\u00e4 events<\/h3>\n<p><strong>2024<br \/>\n<\/strong>October: <strong>Inferia, Ramificator, Varkat<\/strong> (Autumn Inferno, OUBS)<br \/>\nAugust: <strong>Hollow Corpse, Virulent Life, Corpsumed<\/strong> (Forever Underground, Underpassage of T\u00e4ff\u00e4 aka Short Circuit)<br \/>\nMarch: <strong>Sigir, Saasta, Defenent<\/strong> (March Massacre, OUBS)<\/p>\n<p><strong>2023<\/strong><br \/>\nOctober: <strong>Abstrakt, Qwadrax, Altar of Despair<\/strong> (Autumn Mist Ritual, OUBS)<br \/>\nAugust: <strong>Torsofuck, Chainsword (POL), IA, Cardinal&#8217;s Folly, Pahan Ikoni, Azgaroth, Hexhammer, Valravn, Sleeper&#8217;s Keep, Mutant Blast, Freedomination, Apocrypth<\/strong> (M\u00f6k\u00e4fest IV, Sm\u00f6kki)<br \/>\nApril: <strong>Born of Thorns, Ashen Tomb, F.I.D.I.<\/strong> (Pre-Wappu ritual, OUBS)<\/p>\n<p><strong>2022<br \/>\n<\/strong>October: <strong>Hollow Corpse, Nervebreak, Legion A.D.<\/strong> (Mid-Fall Metal Night, OUBS)<br \/>\nMarch: <strong>Marrasmieli, Anzillu, Nightstryke<\/strong> (Spring Gig, OUBS)<\/p>\n<p><strong>2021<br \/>\n<\/strong>October: <strong>Gomorran, No Use, Astral Corpse<\/strong> (All Hallows&#8217; Gig, OUBS)<br \/>\nJuly:<strong> Mutant Blast, Virulent Life, Apocrypth<\/strong> (Backyard Breeze, Front of clubroom)<br \/>\nApril: <strong>Azgaroth<\/strong> (&#8220;Wiikon Wappustudio&#8221; live stream, Dipoli)<\/p>\n<p><strong>2019<br \/>\n<\/strong>October:<strong> Humavoid, Liminal, Valravn<\/strong> (Gig of the Fall, OUBS)<br \/>\nApril: <b>Mumincunt, Apocrypth, Elvenscroll<\/b> (Wappu-calypse, OUBS)<\/p>\n<p><strong>2018<\/strong><br \/>\nOctober: <b>Hexhammer, Vihamieli, Azgaroth<\/b> (The Unholy Black Mass ov Otaniemi, OUBS)<br \/>\nAugust: <strong>Shade Empire, Brymir, Urn, Abstrakt, Cause of Death, Perihelion Ship, Asgardium, ARBALEST plays Bolt Thrower, Ever Circling Wolves, Caught In The Between<\/strong> (M\u00f6k\u00e4fest III, T\u00e4ff\u00e4)<\/p>\n<p><strong>2017<br \/>\n<\/strong>October:\u00a0<strong>Blackhearted, Astral Corpse, Qwadrax\u00a0<\/strong>(Gig night, OUBS)<br \/>\nMay:<strong>\u00a0Suamenlejjona, Ceaseless Torment, Scales\u00a0<\/strong>(Army Goes Otaniemi, OUBS)<br \/>\nApril:\u00a0<strong>Vihamieli<\/strong>\u00a0(Erotic Diarrhea Fantasy Night, Wappu-arena)<\/p>\n<p><strong>2016<br \/>\n<\/strong>October:<strong> Perihelion Ship<\/strong>, <strong>Withstand the Fall<\/strong>, <strong>Nihilizer <\/strong>(Gig night, OUBS)<strong><br \/>\n<\/strong>May: <strong>God Disease<\/strong>, <strong>Inequity <\/strong>(Afterwappu, Rantasauna)<\/p>\n<p><b>2015<br \/>\n<\/b>August: <b>Pelkotila<\/b>, <b>Winterthroned<\/b>, <b>Madred<\/b>, <b>Born of Thorns<\/b>, <b>Inequity<\/b>, <b>Di\u00e4b Soul\u00e9<\/b>, <b>Angel Sword<\/b>, <b>Noora Korppi<\/b>, <b>Systematic Sickness Kin<\/b>, <b>Cadaveric Incubator<\/b>, <b>Holy Dragon&#8217;s Ass<\/b> (17v-festarit, Sm\u00f6kki + Rantasauna)<br \/>\nMay: <b>Refusal<\/b>, <b>Devenial Verdict<\/b> (Afterwappu, Rantasauna)<\/p>\n<p><b>2014<\/b><br \/>\nOctober: <b>Creinium<\/b>, <b>Immergo<\/b>, <b>Saattov\u00e4ki<\/b> (Dungeon Escape Tour, On the Rocks)<br \/>\nSeptember: <b>Angel Sword<\/b> (Kampusfestarit, Sm\u00f6kki)<br \/>\nMay: <b>Thyrien<\/b>, <b>Halo of Dreams<\/b>, <b>Dead Sound Committee<\/b> (Keikkailta, Lepakkomies)<\/p>\n<p><b>2013<\/b><br \/>\nAugust: <b>Ryp\u00e4lepaska<\/b>, <b>Kurahuora<\/b>, <b>Noumena<\/b>, <b>Breathe the End<\/b><br \/>\n<b>Souldrill<\/b>, <b>Asgardium<\/b>, <b>Refusal<\/b>, <b>NITE<\/b>, <b>Vinum Sabbatum<\/b>, <b>Combat Monster<\/b> (15v-festarit | Sm\u00f6kki + Rantasauna)<br \/>\nMarch: <b>In Process<\/b>, <b>Rankkuri<\/b>, <b>Droptide<\/b> (keikkailta | Aate + Rantasauna)<\/p>\n<p><b>2012<\/b><br \/>\nNovember: <b>Church of the Dead<\/b>, <b>Walking Dead Suicide<\/b>, <b>Amputory<\/b> (b\u00e4ndi-ilta | Aate + Gorsu)<br \/>\nSeptember: <b>Nuclear F\u00fchrer<\/b>, <b>Medicated<\/b>, <b>IA<\/b> (Metalliaate | B\u00e4ndi- ja videoilta, Aate + Gorsu)<br \/>\nMarch: <b>Utilitarian Anthropophagy<\/b>, <b>Nodding Sky<\/b>, <b>Freedomination<\/b> (B\u00e4ndi-ilta, Sm\u00f6kki + OK20)<\/p>\n<p><b>2011<\/b><br \/>\nOctober: <b>Cast to Wolves<\/b>, <b>Blastanus<\/b>, <b>GAF<\/b>, <b>Feastem<\/b> (Slaves to the Grind | B\u00e4ndi- ja videoilta, Sm\u00f6kki + Gorsu)<br \/>\nApril: <b>Distant Embrace<\/b>, <b>Ever Circling Wolves<\/b> (Doom on Sm\u00f6kki | B\u00e4ndi- ja videoilta, Sm\u00f6kki + OK20)<\/p>\n<p><b>2010<\/b><br \/>\nDecember: <b>Oddland<\/b>, <b>Carved In Ashes<\/b>, <b>Vinum Sabbatum<\/b> (B\u00e4ndi- ja videoilta, Sm\u00f6kki)<br \/>\nMay: <b>Abyss Ascended<\/b>, <b>(Psychoparalysis)<\/b>, <b>Ekstensio<\/b>, <b>Devenial Verdict<\/b>, <b>Regression<\/b> (B\u00e4ndi- ja videoilta, Sm\u00f6kki + Rantasauna)<br \/>\nMay: <b>ArchiTorture<\/b>, <b>Winterwolf<\/b>, <b>Holy Moses (GER)<\/b> (Thr\u00e4sh D\u00f6mination, Dante&#8217;s Highlight)<\/p>\n<p><b>2009<\/b><br \/>\nDecember: <b>Caught in the Between<\/b>, <b>Euthanasia<\/b>, <b>Eternal Tears of Sorrow<\/b>, <b>Metsat\u00f6ll (EST)<\/b> (Winter Torment, Gloria)<br \/>\nNovember: <b>Devenial Verdict<\/b>, <b>Mantequilla<\/b>, <b>Disquiet Animus<\/b> (Viha ja h\u00e4r\u00f6ily | B\u00e4ndi- ja videoilta, Sm\u00f6kki)<br \/>\nSeptember: <b>Caught in the Between<\/b>, <b>Cause of Death<\/b>, <b>Regression<\/b> (Otaniemi Summer Freeze)<br \/>\nApril: <b>ArchiTorture<\/b>, <b>Lithuria<\/b>, <b>Cause for Effect<\/b>,<br \/>\n<b>Devenial Verdict<\/b>, <b>Standard Coil Company<\/b>, <b>Regression<\/b>, (Long Day Suffering | B\u00e4ndi- ja videoilta, Sm\u00f6kki + Rantasauna)<\/p>\n<p><b>2008<\/b><br \/>\nNovember:<b>Cast Iron<\/b>, <b>Violencer<\/b>, <b>Portrait (SE)<\/b>, <b>Evince (USA\/FIN)<\/b>, (Metal Club M\u00f6k\u00e4 10v | Gloria)<br \/>\nOctober: <b>Cause of Death<\/b>, <b>Frozen Semen<\/b>, (Semen of Death | B\u00e4ndi- ja videoilta, Sm\u00f6kki)<br \/>\nAugust: <b>Caught In The Between<\/b>, <b>Regression<\/b>, (Otaniemi Summer Breeze)<br \/>\nApril: <b>Blaze Bayley (UK)<\/b>, <b>Heavy Metal Perse<\/b>, <b>Armour<\/b> (Vanha)<br \/>\nApril: <b>The Zombi<\/b>, <b>Kurahuora<\/b> (Zombie Ritual | B\u00e4ndi- ja videoilta, Sm\u00f6kki)<\/p>\n<p><b>2007<\/b><br \/>\nDecember: <b>Euthanasia<\/b>, <b>Regression<\/b> (Taantumus tai kuolema! | B\u00e4ndi- ja videoilta, Sm\u00f6kki)<br \/>\nOctober: <b>Impaled Nazarene<\/b>, <b>Manatark (EST)<\/b>, <b>Obscurant<\/b> (Autumn Night, Goat Night, Vanha)<br \/>\nMarch: <b>Bloodride<\/b>, <b>Kauna<\/b> (Thirsting for Blood, Carrying a Grudge | B\u00e4ndi- ja videoilta, Sm\u00f6kki)<\/p>\n<p><b>2006<\/b><br \/>\nNovember: <b>URN<\/b>, <b>Must Missa (EST)<\/b>, <b>Spirit Disease<\/b>, <b>Hateform<\/b> (Total Thrash Metal Holocaust, Gloria)<br \/>\nOctober: <b>Guardians of Mankind<\/b>, <b>Crystal Blaze<\/b> (B\u00e4ndi- ja videoilta, Sm\u00f6kki)<br \/>\nMarch: <b>Surma<\/b>, <b>Carnal Creation<\/b> (What a Night for a Death Metal Fight! B\u00e4ndi- ja videoilta, Sm\u00f6kki)<br \/>\nJanuary: <b>Skyforger (LV)<\/b>, <b>Moonsorrow<\/b>, <b>Noumena<\/b>, <b>Evilion<\/b> (Return Of The Pagan Might, Gloria)<\/p>\n<p><b>2005<\/b><br \/>\nNovember: <b>Embreach<\/b>, <b>Inferal<\/b> (B\u00e4ndi- ja videoilta, Sm\u00f6kki)<br \/>\nMay: <b>Metsat\u00f6ll (EST)<\/b>, <b>Swallow the Sun<\/b>, <b>Insomnium<\/b> (Vanha Raskaana, Vanha ylioppilastalo)<br \/>\nFebruary: <b>Born of Thorns<\/b>, <b>Dead Samaritan<\/b> (B\u00e4ndi- ja videoilta, Sm\u00f6kki)<\/p>\n<p><b>2004<\/b><br \/>\nNovember: <b>From Ashes<\/b> (B\u00e4ndi- ja videoilta, Sm\u00f6kki)<br \/>\nOctober: <b>Turisas<\/b>, <b>Trollheim&#8217;s Grott<\/b>, <b>De Lirium&#8217;s Order<\/b> (Heathen Troll Party, Stella Star)<br \/>\nMay: <b>Imperanon<\/b>, <b>Profane Omen<\/b>, <b>The Enchained<\/b> (Helsinki Goatfest, Nousu)<br \/>\nMarch: <b>Kuolemanpataljoona<\/b>, <b>Euphrosyne<\/b> (B\u00e4ndi- ja videoilta, Sm\u00f6kki)<br \/>\nJanuary: <b>Silentium<\/b>, <b>Dreamtale<\/b>, <b>Battlelore<\/b>, <b>Violet Halo<\/b> (1826 Days Of Suffering, Stella Star)<\/p>\n<p><b>2003<\/b><br \/>\nNovember: <b>Kiuas<\/b>, <b>Witheria<\/b> (B\u00e4ndi- ja videoilta, Sm\u00f6kki)<br \/>\nMay: <b>Amoral<\/b>, <b>Heavy Metal Perse<\/b>, <b>(Hullun Miehen) Seiv\u00e4s<\/b> (Nuklear Summer, Nousu)<br \/>\nApril: <b>Imperanon<\/b> (B\u00e4ndi- ja videoilta, Sm\u00f6kki)<\/p>\n<p><b>2002<\/b><br \/>\nDecember: <b>Wasara<\/b>, <b>Grayscale<\/b> (Antikristmas, Nousu)<br \/>\nOctober: <b>Varpuusparvi<\/b> (B\u00e4ndi- ja videoilta, Sm\u00f6kki)<\/p>\n<p><b>2001<\/b><br \/>\nNovember: <b>Ensiferum<\/b>, <b>Jane Doe 69<\/b>, <b>Lost In Twilight<\/b> (Gloria Metallo, Gloria)<\/p>\n<p><b>2000<\/b><br \/>\nApril: <b>Genotaph<\/b>, <b>NightBride<\/b> (48h metallimaratoni, OUBSin studio)<br \/>\nMarch: <b>Finntroll<\/b>, <b>Lullacry<\/b>, <b>E.C.T.<\/b>, <b>Lost In Twilight<\/b> (M\u00f6k\u00e4-M\u00f6k\u00e4-maa II, Sm\u00f6kki)<\/p>\n<p><b>1999<\/b><br \/>\nDecember: <b>Kainin lapset<\/b>, <b>Gramary<\/b> (Black Xmas, T\u00e4ff\u00e4)<br \/>\nMarch: <b>Jee!sukset<\/b>, <b>Golliwog<\/b>, <b>At Winter&#8217;s End<\/b>, <b>Nightbride<\/b> (M\u00f6k\u00e4-M\u00f6k\u00e4-maa, Sm\u00f6kki)<\/p>\n<p>Addition and correction requests to the address: hallitus@mcmoka.fi<\/p>\n","protected":false},"excerpt":{"rendered":"<p>Bands who have played in M\u00f6k\u00e4 events 2024 October: Inferia, Ramificator, Varkat (Autumn Inferno, OUBS) August: Hollow Corpse, Virulent Life, Corpsumed (Forever Underground, Underpassage of T\u00e4ff\u00e4 aka Short Circuit) March: Sigir, Saasta, Defenent (March Massacre, OUBS) 2023 October: Abstrakt, Qwadrax, Altar of Despair (Autumn Mist Ritual, OUBS) August: Torsofuck, Chainsword (POL), IA, Cardinal&#8217;s Folly, Pahan &#8230; <a title=\"Played bands\" class=\"read-more\" href=\"https:\/\/mcmoka.fi\/?page_id=397&#038;lang=en\">Read more<span class=\"screen-reader-text\">Played bands<\/span><\/a><\/p>\n","protected":false},"author":1,"featured_media":0,"parent":0,"menu_order":22,"comment_status":"closed","ping_status":"closed","template":"","meta":{"footnotes":""},"class_list":["post-397","page","type-page","status-publish"],"_links":{"self":[{"href":"https:\/\/mcmoka.fi\/index.php?rest_route=\/wp\/v2\/pages\/397","targetHints":{"allow":["GET"]}}],"collection":[{"href":"https:\/\/mcmoka.fi\/index.php?rest_route=\/wp\/v2\/pages"}],"about":[{"href":"https:\/\/mcmoka.fi\/index.php?rest_route=\/wp\/v2\/types\/page"}],"author":[{"embeddable":true,"href":"https:\/\/mcmoka.fi\/index.php?rest_route=\/wp\/v2\/users\/1"}],"replies":[{"embeddable":true,"href":"https:\/\/mcmoka.fi\/index.php?rest_route=%2Fwp%2Fv2%2Fcomments&post=397"}],"version-history":[{"count":5,"href":"https:\/\/mcmoka.fi\/index.php?rest_route=\/wp\/v2\/pages\/397\/revisions"}],"predecessor-version":[{"id":719,"href":"https:\/\/mcmoka.fi\/index.php?rest_route=\/wp\/v2\/pages\/397\/revisions\/719"}],"wp:attachment":[{"href":"https:\/\/mcmoka.fi\/index.php?rest_route=%2Fwp%2Fv2%2Fmedia&parent=397"}],"curies":[{"name":"wp","href":"https:\/\/api.w.org\/{rel}","templated":true}]}}