{"id":391,"date":"2023-07-19T08:45:16","date_gmt":"2023-07-19T08:45:16","guid":{"rendered":"http:\/\/dev.mcmoka.fi\/?page_id=391"},"modified":"2026-04-03T14:42:19","modified_gmt":"2026-04-03T14:42:19","slug":"f-a-q","status":"publish","type":"page","link":"https:\/\/mcmoka.fi\/?page_id=391&lang=en","title":{"rendered":"F.A.Q"},"content":{"rendered":"\r\n<h2 class=\"wp-block-heading\">Frequently asked questions<\/h2>\r\n\r\n\r\n\r\n<div id=\"ez-toc-container\" class=\"ez-toc-v2_0_79_2 counter-hierarchy ez-toc-counter ez-toc-black ez-toc-container-direction\">\n<div class=\"ez-toc-title-container\">\n<p class=\"ez-toc-title\" style=\"cursor:inherit\">Sis\u00e4llysluettelo<\/p>\n<span class=\"ez-toc-title-toggle\"><a href=\"#\" class=\"ez-toc-pull-right ez-toc-btn ez-toc-btn-xs ez-toc-btn-default ez-toc-toggle\" aria-label=\"Toggle Table of Content\"><span class=\"ez-toc-js-icon-con\"><span class=\"\"><span class=\"eztoc-hide\" style=\"display:none;\">Toggle<\/span><span class=\"ez-toc-icon-toggle-span\"><svg style=\"fill: #999;color:#999\" xmlns=\"http:\/\/www.w3.org\/2000\/svg\" class=\"list-377408\" width=\"20px\" height=\"20px\" viewBox=\"0 0 24 24\" fill=\"none\"><path d=\"M6 6H4v2h2V6zm14 0H8v2h12V6zM4 11h2v2H4v-2zm16 0H8v2h12v-2zM4 16h2v2H4v-2zm16 0H8v2h12v-2z\" fill=\"currentColor\"><\/path><\/svg><svg style=\"fill: #999;color:#999\" class=\"arrow-unsorted-368013\" xmlns=\"http:\/\/www.w3.org\/2000\/svg\" width=\"10px\" height=\"10px\" viewBox=\"0 0 24 24\" version=\"1.2\" baseProfile=\"tiny\"><path d=\"M18.2 9.3l-6.2-6.3-6.2 6.3c-.2.2-.3.4-.3.7s.1.5.3.7c.2.2.4.3.7.3h11c.3 0 .5-.1.7-.3.2-.2.3-.5.3-.7s-.1-.5-.3-.7zM5.8 14.7l6.2 6.3 6.2-6.3c.2-.2.3-.5.3-.7s-.1-.5-.3-.7c-.2-.2-.4-.3-.7-.3h-11c-.3 0-.5.1-.7.3-.2.2-.3.5-.3.7s.1.5.3.7z\"\/><\/svg><\/span><\/span><\/span><\/a><\/span><\/div>\n<nav><ul class='ez-toc-list ez-toc-list-level-1 ' ><li class='ez-toc-page-1 ez-toc-heading-level-3'><a class=\"ez-toc-link ez-toc-heading-1\" href=\"https:\/\/mcmoka.fi\/?page_id=391&#038;lang=en\/#How_do_I_join\" >How do I join?<\/a><\/li><li class='ez-toc-page-1 ez-toc-heading-level-3'><a class=\"ez-toc-link ez-toc-heading-2\" href=\"https:\/\/mcmoka.fi\/?page_id=391&#038;lang=en\/#What_Moka\" >What M\u00f6k\u00e4?<\/a><\/li><li class='ez-toc-page-1 ez-toc-heading-level-3'><a class=\"ez-toc-link ez-toc-heading-3\" href=\"https:\/\/mcmoka.fi\/?page_id=391&#038;lang=en\/#What_does_it_cost\" >What does it cost?<\/a><\/li><li class='ez-toc-page-1 ez-toc-heading-level-3'><a class=\"ez-toc-link ez-toc-heading-4\" href=\"https:\/\/mcmoka.fi\/?page_id=391&#038;lang=en\/#What_do_you_acually_do\" >What do you acually do?<\/a><\/li><li class='ez-toc-page-1 ez-toc-heading-level-3'><a class=\"ez-toc-link ez-toc-heading-5\" href=\"https:\/\/mcmoka.fi\/?page_id=391&#038;lang=en\/#What_are_the_sauna_evenings_like_and_can_I_come_if_I_dont_know_anybody\" >What are the sauna evenings like and can I come if I don&#8217;t know anybody?<\/a><\/li><li class='ez-toc-page-1 ez-toc-heading-level-3'><a class=\"ez-toc-link ez-toc-heading-6\" href=\"https:\/\/mcmoka.fi\/?page_id=391&#038;lang=en\/#Does_Moka_sell_alcohol_in_their_events\" >Does M\u00f6k\u00e4 sell alcohol in their events?<\/a><\/li><li class='ez-toc-page-1 ez-toc-heading-level-3'><a class=\"ez-toc-link ez-toc-heading-7\" href=\"https:\/\/mcmoka.fi\/?page_id=391&#038;lang=en\/#What_are_the_best_bands_in_the_world\" >What are the best bands in the world?<\/a><\/li><li class='ez-toc-page-1 ez-toc-heading-level-3'><a class=\"ez-toc-link ez-toc-heading-8\" href=\"https:\/\/mcmoka.fi\/?page_id=391&#038;lang=en\/#Are_you_gloomy_child_eaters_and_Satan_worshippers_dressed_in_black\" >Are you gloomy child eaters and Satan worshippers dressed in black?<\/a><\/li><li class='ez-toc-page-1 ez-toc-heading-level-3'><a class=\"ez-toc-link ez-toc-heading-9\" href=\"https:\/\/mcmoka.fi\/?page_id=391&#038;lang=en\/#Do_you_actually_want_to_listen_to_metal_music\" >Do you actually want to listen to metal music?<\/a><\/li><li class='ez-toc-page-1 ez-toc-heading-level-3'><a class=\"ez-toc-link ez-toc-heading-10\" href=\"https:\/\/mcmoka.fi\/?page_id=391&#038;lang=en\/#How_many_members_do_you_have\" >How many members do you have?<\/a><\/li><li class='ez-toc-page-1 ez-toc-heading-level-3'><a class=\"ez-toc-link ez-toc-heading-11\" href=\"https:\/\/mcmoka.fi\/?page_id=391&#038;lang=en\/#How_are_you_organized\" >How are you organized?<\/a><\/li><li class='ez-toc-page-1 ez-toc-heading-level-3'><a class=\"ez-toc-link ez-toc-heading-12\" href=\"https:\/\/mcmoka.fi\/?page_id=391&#038;lang=en\/#Do_you_arrange_any_gigs_actually_worth_seeing\" >Do you arrange any gigs actually worth seeing?<\/a><\/li><li class='ez-toc-page-1 ez-toc-heading-level-3'><a class=\"ez-toc-link ez-toc-heading-13\" href=\"https:\/\/mcmoka.fi\/?page_id=391&#038;lang=en\/#How_do_I_benefit_by_joining_Does_it_require_me_to_do_something\" >How do I benefit by joining? Does it require me to do something?<\/a><\/li><li class='ez-toc-page-1 ez-toc-heading-level-3'><a class=\"ez-toc-link ez-toc-heading-14\" href=\"https:\/\/mcmoka.fi\/?page_id=391&#038;lang=en\/#What_if_I_have_a_band_and_want_to_play_in_a_Moka_event\" >What if I have a band and want to play in a M\u00f6k\u00e4 event?<\/a><\/li><li class='ez-toc-page-1 ez-toc-heading-level-3'><a class=\"ez-toc-link ez-toc-heading-15\" href=\"https:\/\/mcmoka.fi\/?page_id=391&#038;lang=en\/#Can_I_join_even_though_I_study_somewhere_else_than_Aalto_or_dont_study_at_all\" >Can I join even though I study somewhere else than Aalto or don&#8217;t study at all?<\/a><\/li><li class='ez-toc-page-1 ez-toc-heading-level-3'><a class=\"ez-toc-link ez-toc-heading-16\" href=\"https:\/\/mcmoka.fi\/?page_id=391&#038;lang=en\/#Where_on_Earth_is_the_clubroom_Gorsu_Smokki_Ossin_sauna\" >Where on Earth is the clubroom \/ Gorsu \/ Sm\u00f6kki \/ Ossin sauna?<\/a><\/li><li class='ez-toc-page-1 ez-toc-heading-level-3'><a class=\"ez-toc-link ez-toc-heading-17\" href=\"https:\/\/mcmoka.fi\/?page_id=391&#038;lang=en\/#What_are_the_email_lists\" >What are the email lists?<\/a><\/li><li class='ez-toc-page-1 ez-toc-heading-level-3'><a class=\"ez-toc-link ez-toc-heading-18\" href=\"https:\/\/mcmoka.fi\/?page_id=391&#038;lang=en\/#Am_I_subscribed_to_any_of_your_email_lists\" >Am I subscribed to any of your email lists?<\/a><\/li><li class='ez-toc-page-1 ez-toc-heading-level-3'><a class=\"ez-toc-link ez-toc-heading-19\" href=\"https:\/\/mcmoka.fi\/?page_id=391&#038;lang=en\/#What_can_I_do_if_I_have_forgotten_my_password\" >What can I do if I have forgotten my password?<\/a><\/li><li class='ez-toc-page-1 ez-toc-heading-level-3'><a class=\"ez-toc-link ez-toc-heading-20\" href=\"https:\/\/mcmoka.fi\/?page_id=391&#038;lang=en\/#What_registered_association_Why_When\" >What registered association? Why? When?<\/a><\/li><li class='ez-toc-page-1 ez-toc-heading-level-3'><a class=\"ez-toc-link ez-toc-heading-21\" href=\"https:\/\/mcmoka.fi\/?page_id=391&#038;lang=en\/#What_is_Mokas_business_ID\" >What is M\u00f6k\u00e4&#8217;s business ID?<\/a><\/li><li class='ez-toc-page-1 ez-toc-heading-level-3'><a class=\"ez-toc-link ez-toc-heading-22\" href=\"https:\/\/mcmoka.fi\/?page_id=391&#038;lang=en\/#Do_you_offer_rehearsal_premises_or_other_band_services\" >Do you offer rehearsal premises or other band services?<\/a><\/li><li class='ez-toc-page-1 ez-toc-heading-level-3'><a class=\"ez-toc-link ez-toc-heading-23\" href=\"https:\/\/mcmoka.fi\/?page_id=391&#038;lang=en\/#I_owe_money_to_Moka_How_do_I_pay\" >I owe money to M\u00f6k\u00e4. How do I pay?<\/a><\/li><li class='ez-toc-page-1 ez-toc-heading-level-3'><a class=\"ez-toc-link ez-toc-heading-24\" href=\"https:\/\/mcmoka.fi\/?page_id=391&#038;lang=en\/#I_want_to_rent_Mokas_equipment_How_and_what_does_it_cost\" >I want to rent M\u00f6k\u00e4&#8217;s equipment. How and what does it cost?<\/a><\/li><li class='ez-toc-page-1 ez-toc-heading-level-3'><a class=\"ez-toc-link ez-toc-heading-25\" href=\"https:\/\/mcmoka.fi\/?page_id=391&#038;lang=en\/#How_I_check_what_information_there_is_about_me_in_the_member_register\" >How I check what information there is about me in the member register?<\/a><\/li><li class='ez-toc-page-1 ez-toc-heading-level-3'><a class=\"ez-toc-link ez-toc-heading-26\" href=\"https:\/\/mcmoka.fi\/?page_id=391&#038;lang=en\/#I_found_an_error_on_the_page_I_have_a_suggestion_to_improve_things_What_do_I_do\" >I found an error on the page! I have a suggestion to improve things! What do I do?<\/a><\/li><\/ul><\/nav><\/div>\n<h3 id=\"how\" class=\"wp-block-heading\"><span class=\"ez-toc-section\" id=\"How_do_I_join\"><\/span>How do I join?<span class=\"ez-toc-section-end\"><\/span><\/h3>\r\n\r\n\r\n\r\n<p>Fill the <a href=\"http:\/\/mcmoka.fi\/?page_id=378&amp;lang=en\" data-type=\"page\" data-id=\"378\">membership form<\/a>. If you have problems with the form, email the board: hallitus [at] mcmoka [dot] fi.<\/p>\r\n\r\n\r\n\r\n<h3 id=\"mikamoka\" class=\"wp-block-heading\"><span class=\"ez-toc-section\" id=\"What_Moka\"><\/span>What M\u00f6k\u00e4?<span class=\"ez-toc-section-end\"><\/span><\/h3>\r\n\r\n\r\n\r\n<p>Hevay metal is the most important thing in the world! Distorted guitars and double bass drums all the way! No other music genre has that kind of power! If you think like this, join M\u00f6k\u00e4. If you don&#8217;t, join anyways and soon you&#8217;ll be thinking the right way. Metal Club M\u00f6k\u00e4 is a culture association within Aalto University. Our mission is to promote hevay metal music among the Aalto students and have fun!<\/p>\r\n\r\n\r\n\r\n<h3 id=\"maksaako\" class=\"wp-block-heading\"><span class=\"ez-toc-section\" id=\"What_does_it_cost\"><\/span>What does it cost?<span class=\"ez-toc-section-end\"><\/span><\/h3>\r\n\r\n\r\n\r\n<p>Nothing at all. There are no joining or yearly fees.<\/p>\r\n\r\n\r\n\r\n<h3 id=\"mitateette\" class=\"wp-block-heading\"><span class=\"ez-toc-section\" id=\"What_do_you_acually_do\"><\/span>What do you acually do?<span class=\"ez-toc-section-end\"><\/span><\/h3>\r\n\r\n\r\n\r\n<p>We listen to metal. We scorch ourselves in sauna. We arrange parties. We use flames of hell to roast dead animal pieces and devour them with passion (that means BBQ). We arrange gigs to bands. We arrange trips to different metal events outside M\u00f6k\u00e4. We help in the arranging of the <a class=\"normal\" href=\"https:\/\/hellsinkimetalfestival.fi\/\" target=\"_blank\" rel=\"noopener noreferrer\">Hellsinki metal festival<\/a>. Current events can be found on the <a href=\"http:\/\/mcmoka.fi\/?cat=64&amp;lang=en\">events page<\/a>.<\/p>\r\n\r\n\r\n\r\n<h3 id=\"millaisia\" class=\"wp-block-heading\"><span class=\"ez-toc-section\" id=\"What_are_the_sauna_evenings_like_and_can_I_come_if_I_dont_know_anybody\"><\/span>What are the sauna evenings like and can I come if I don&#8217;t know anybody?<span class=\"ez-toc-section-end\"><\/span><\/h3>\r\n\r\n\r\n\r\n<p>The normal routine of the sauna evenings includes metal music and voluntary sauna. You can bring your own music, but prepare yourself for the &#8220;M\u00f6k\u00e4 mix&#8221; &#8211; everyone can play their music, but if other people don&#8217;t like it they can change it too. Usually songs are allowed to play to the end before changing. Good combo to bring for the sauna evenings is your own drinks, towel and music (but all optional). There will be some free drinks but usually they don&#8217;t last very long. There will usually be free food but it usually doesn&#8217;t last very long. If you are new, you are of course very welcome! If you are unsure of the location or anything else, just ask the board through email.<\/p>\r\n\r\n\r\n\r\n<h3 id=\"hummeri\" class=\"wp-block-heading\"><span class=\"ez-toc-section\" id=\"Does_Moka_sell_alcohol_in_their_events\"><\/span>Does M\u00f6k\u00e4 sell alcohol in their events?<span class=\"ez-toc-section-end\"><\/span><\/h3>\r\n\r\n\r\n\r\n<p>No. If a gig is arranged in a bar, the bar will of course sell it.<\/p>\r\n\r\n\r\n\r\n<h3 id=\"parhaatbandit\" class=\"wp-block-heading\"><span class=\"ez-toc-section\" id=\"What_are_the_best_bands_in_the_world\"><\/span>What are the best bands in the world?<span class=\"ez-toc-section-end\"><\/span><\/h3>\r\n\r\n\r\n\r\n<p>Of course Bolt Thrower, Moonsorrow, Immortal and Alestorm. Or almost any else &#8211; M\u00f6k\u00e4 members have all kinds of music tastes ranging from all kinds of metal to also genres outside metal.<\/p>\r\n\r\n\r\n\r\n<h3 id=\"synkkia\" class=\"wp-block-heading\"><span class=\"ez-toc-section\" id=\"Are_you_gloomy_child_eaters_and_Satan_worshippers_dressed_in_black\"><\/span>Are you gloomy child eaters and Satan worshippers dressed in black?<span class=\"ez-toc-section-end\"><\/span><\/h3>\r\n\r\n\r\n\r\n<p>Hell yeah. Just like all country music listeners are self-destructive gun maniacs. In truth, even though metal music has some tendencies to the dark side of things, Metal Club M\u00f6k\u00e4 has no religious or political agendas. Our mission is not to promote dark gods, our mission is to promote metal music. But sometimes it includes (tragi)comical symbols which belong to the genre. And dressing in black is always cool! In M\u00f6k\u00e4 gigs there have been bands that have had satanic views, and there have been bands that have had christian views. Our members also have different religious and non-religious views. We don&#8217;t discriminate, and religion has no special place in our events. It is just as good discussion topic as any.<\/p>\r\n\r\n\r\n\r\n<h3 id=\"metallimusiikki\" class=\"wp-block-heading\"><span class=\"ez-toc-section\" id=\"Do_you_actually_want_to_listen_to_metal_music\"><\/span>Do you actually want to listen to metal music?<span class=\"ez-toc-section-end\"><\/span><\/h3>\r\n\r\n\r\n\r\n<p>Yes! Metal music is appropriately unappropriate. Just listen to <a href=\"http:\/\/mcmoka.fi\/?page_id=460&amp;lang=en\" data-type=\"page\" data-id=\"460\">Kouvolan Sanomat<\/a>. (An article in a Finnish magazine. You can ask someone to translate it if you want to get the joke&#8230;)<\/p>\r\n\r\n\r\n\r\n<h3 id=\"jasenia\" class=\"wp-block-heading\"><span class=\"ez-toc-section\" id=\"How_many_members_do_you_have\"><\/span>How many members do you have?<span class=\"ez-toc-section-end\"><\/span><\/h3>\r\n\r\n\r\n\r\n<p>A little over 1000.<\/p>\r\n\r\n\r\n\r\n<h3 id=\"hallinto\" class=\"wp-block-heading\"><span class=\"ez-toc-section\" id=\"How_are_you_organized\"><\/span>How are you organized?<span class=\"ez-toc-section-end\"><\/span><\/h3>\r\n\r\n\r\n\r\n<p>We elect the <a href=\"http:\/\/mcmoka.fi\/?page_id=367&amp;lang=en\" data-type=\"page\" data-id=\"367\">board<\/a> yearly. The board does the decision-making and the actual work. They also have some elected officials helping them.<\/p>\r\n\r\n\r\n\r\n<h3 id=\"keikkoja\" class=\"wp-block-heading\"><span class=\"ez-toc-section\" id=\"Do_you_arrange_any_gigs_actually_worth_seeing\"><\/span>Do you arrange any gigs actually worth seeing?<span class=\"ez-toc-section-end\"><\/span><\/h3>\r\n\r\n\r\n\r\n<p>Dozens of bands have played in M\u00f6k\u00e4 events during our history. You can find a list of those bands <a href=\"http:\/\/mcmoka.fi\/?page_id=397&amp;lang=en\" data-type=\"page\" data-id=\"397\">here<\/a>.<\/p>\r\n\r\n\r\n\r\n<h3 id=\"hyoty\" class=\"wp-block-heading\"><span class=\"ez-toc-section\" id=\"How_do_I_benefit_by_joining_Does_it_require_me_to_do_something\"><\/span>How do I benefit by joining? Does it require me to do something?<span class=\"ez-toc-section-end\"><\/span><\/h3>\r\n\r\n\r\n\r\n<p>The membership requires only that you keep your membership information up to date. The membership fee has been zero for the whole of the club&#8217;s existence. As a member, you can: come to our sauna evenings (although anyone can come with or without membership), find company in festivals, gigs and bars, subscribe to our email lists where you can e.g. find said company or sell tickets that you have no use for. In addition, if you have paid Aalto university&#8217;s membership fee, you have a right to vote in our club meetings.<\/p>\r\n\r\n\r\n\r\n<h3 id=\"soittamaan\" class=\"wp-block-heading\"><span class=\"ez-toc-section\" id=\"What_if_I_have_a_band_and_want_to_play_in_a_Moka_event\"><\/span>What if I have a band and want to play in a M\u00f6k\u00e4 event?<span class=\"ez-toc-section-end\"><\/span><\/h3>\r\n\r\n\r\n\r\n<p>Our board does the decisions, so contact us in: hallitus [at] mcmoka [dot] fi. Tell us about your band, for example genre, previous experience, possible releases and if the band has M\u00f6k\u00e4 members. You can bring a demo to a sauna evening or send it to our email or you can post it to address: Metal Club M\u00f6k\u00e4, pl 69, 02151 Espoo. Don&#8217;t be hurt if we can&#8217;t arrange a gig right away, we will contact you when we have the need.<\/p>\r\n\r\n\r\n\r\n<h3 id=\"ulkojasen\" class=\"wp-block-heading\"><span class=\"ez-toc-section\" id=\"Can_I_join_even_though_I_study_somewhere_else_than_Aalto_or_dont_study_at_all\"><\/span>Can I join even though I study somewhere else than Aalto or don&#8217;t study at all?<span class=\"ez-toc-section-end\"><\/span><\/h3>\r\n\r\n\r\n\r\n<p>Yes. Anyone with interest in metal can join us through <a href=\"http:\/\/mcmoka.fi\/?page_id=378&amp;lang=en\" data-type=\"page\" data-id=\"378\">the form<\/a>. If you don&#8217;t study in Aalto, the only difference is that you don&#8217;t have a right to vote in our club meetings.<\/p>\r\n\r\n\r\n\r\n<h3 id=\"missa\" class=\"wp-block-heading\"><span class=\"ez-toc-section\" id=\"Where_on_Earth_is_the_clubroom_Gorsu_Smokki_Ossin_sauna\"><\/span>Where on Earth is the clubroom \/ Gorsu \/ Sm\u00f6kki \/ Ossin sauna?<span class=\"ez-toc-section-end\"><\/span><\/h3>\r\n\r\n\r\n\r\n<p><a href=\"http:\/\/mcmoka.fi\/?page_id=458&amp;lang=en\" data-type=\"page\" data-id=\"458\">In this map<\/a> (in Finnish) you can see <b>the clubroom<\/b> (J\u00e4mer\u00e4ntaival 7 A, the first door on the right after main entrance), <b>Gorsu<\/b> (J\u00e4mer\u00e4ntaival 5 A, basement floor, the door is around the corner when looking from the road J\u00e4mer\u00e4ntaival), <b>Sm\u00f6kki<\/b> (J\u00e4mer\u00e4ntaival 4) and <b>Ossin sauna<\/b> (Otakaari 18, entrance behind bus stop Teekkarikyl\u00e4).<\/p>\r\n\r\n\r\n\r\n<h3 id=\"postilistat\" class=\"wp-block-heading\"><span class=\"ez-toc-section\" id=\"What_are_the_email_lists\"><\/span>What are the email lists?<span class=\"ez-toc-section-end\"><\/span><\/h3>\r\n\r\n\r\n\r\n<p>M\u00f6k\u00e4 has email lists for the members, which you can subscribe to. Read more on the <a href=\"http:\/\/mcmoka.fi\/?page_id=384&amp;lang=en\" data-type=\"page\" data-id=\"384\">Contact us page<\/a>.<\/p>\r\n\r\n\r\n\r\n<h3 id=\"olenko\" class=\"wp-block-heading\"><span class=\"ez-toc-section\" id=\"Am_I_subscribed_to_any_of_your_email_lists\"><\/span>Am I subscribed to any of your email lists?<span class=\"ez-toc-section-end\"><\/span><\/h3>\r\n\r\n\r\n\r\n<p>If you haven&#8217;t subscribed yourself, no. According to current Aalto university rules, our list must be set up so that members must subscribe to it manually. Subscribing is fortunately rather easy, just follow the instructions <a href=\"http:\/\/mcmoka.fi\/?page_id=384&amp;lang=en\" data-type=\"page\" data-id=\"384\">here<\/a>.<\/p>\r\n\r\n\r\n\r\n<h3 id=\"salasanahukassa\" class=\"wp-block-heading\"><span class=\"ez-toc-section\" id=\"What_can_I_do_if_I_have_forgotten_my_password\"><\/span>What can I do if I have forgotten my password?<span class=\"ez-toc-section-end\"><\/span><\/h3>\r\n\r\n\r\n\r\n<p>You can order a new password on the <a href=\"http:\/\/mcmoka.fi\/?page_id=378&amp;lang=en\" data-type=\"page\" data-id=\"378\">Membership page<\/a>.<\/p>\r\n\r\n\r\n\r\n<h3 id=\"ry\" class=\"wp-block-heading\"><span class=\"ez-toc-section\" id=\"What_registered_association_Why_When\"><\/span>What registered association? Why? When?<span class=\"ez-toc-section-end\"><\/span><\/h3>\r\n\r\n\r\n\r\n<p>M\u00f6k\u00e4 was a culture association under TKY (AYY nowadays) until the year 2007. The board members had signed contracts for M\u00f6k\u00e4 but were responsible for them personally. This changed after M\u00f6k\u00e4 acquired a status of a registered association. The rules were rewritten to clarify responsibilities and financial policies and to satisfy the demands of the Finnish Patent and Registration office. M\u00f6k\u00e4 remained as a association under TKY after the new rules were accepted. The process was painful as hell, but on 30.10.2007 M\u00f6k\u00e4 got the registered association status.<\/p>\r\n\r\n\r\n\r\n<h3 id=\"y-tunnus\" class=\"wp-block-heading\"><span class=\"ez-toc-section\" id=\"What_is_Mokas_business_ID\"><\/span>What is M\u00f6k\u00e4&#8217;s business ID?<span class=\"ez-toc-section-end\"><\/span><\/h3>\r\n\r\n\r\n\r\n<p>2180957-0<\/p>\r\n\r\n\r\n\r\n<h3 id=\"bandikamppa\" class=\"wp-block-heading\"><span class=\"ez-toc-section\" id=\"Do_you_offer_rehearsal_premises_or_other_band_services\"><\/span>Do you offer rehearsal premises or other band services?<span class=\"ez-toc-section-end\"><\/span><\/h3>\r\n\r\n\r\n\r\n<p>No. M\u00f6k\u00e4 has not band premises, instruments, microphones, PA, lights etc. to offer. If you need those, you can contact <a class=\"normal\" href=\"http:\/\/www.pelmu.fi\" target=\"blank_\" rel=\"noopener\">PELMU<\/a> (association of live music in Otaniemi).<\/p>\r\n\r\n\r\n\r\n<h3 id=\"tilinumero\" class=\"wp-block-heading\"><span class=\"ez-toc-section\" id=\"I_owe_money_to_Moka_How_do_I_pay\"><\/span>I owe money to M\u00f6k\u00e4. How do I pay?<span class=\"ez-toc-section-end\"><\/span><\/h3>\r\n\r\n\r\n\r\n<p>M\u00f6k\u00e4&#8217;s IBAN bank account number is FI20 8020 0710 4128 74 (Danske Bank). Explain yourself in the message box of the transaction.<\/p>\r\n\r\n\r\n\r\n<h3 id=\"vuokraus\" class=\"wp-block-heading\"><span class=\"ez-toc-section\" id=\"I_want_to_rent_Mokas_equipment_How_and_what_does_it_cost\"><\/span>I want to rent M\u00f6k\u00e4&#8217;s equipment. How and what does it cost?<span class=\"ez-toc-section-end\"><\/span><\/h3>\r\n\r\n\r\n\r\n<p>M\u00f6k\u00e4 can rent you (at least) an aggregate, a video projector (with an optional screen) or loudspeakers. Prices and more info can be found in the <a href=\"http:\/\/mcmoka.fi\/?page_id=475&amp;lang=en\" data-type=\"page\" data-id=\"475\">rent form<\/a> (in Finnish).<\/p>\r\n\r\n\r\n\r\n<h3 id=\"tiedot\" class=\"wp-block-heading\"><span class=\"ez-toc-section\" id=\"How_I_check_what_information_there_is_about_me_in_the_member_register\"><\/span>How I check what information there is about me in the member register?<span class=\"ez-toc-section-end\"><\/span><\/h3>\r\n\r\n\r\n\r\n<p>Contact <a href=\"http:\/\/mcmoka.fi\/?page_id=367&amp;lang=en\" data-type=\"page\" data-id=\"367\">the board<\/a>.<\/p>\r\n\r\n\r\n\r\n<h3 id=\"virhe\" class=\"wp-block-heading\"><span class=\"ez-toc-section\" id=\"I_found_an_error_on_the_page_I_have_a_suggestion_to_improve_things_What_do_I_do\"><\/span>I found an error on the page! I have a suggestion to improve things! What do I do?<span class=\"ez-toc-section-end\"><\/span><\/h3>\r\n\r\n\r\n\r\n<p>Contact the board: hallitus [at] mcmoka [dot] fi<\/p>\r\n","protected":false},"excerpt":{"rendered":"<p>Frequently asked questions How do I join? Fill the membership form. If you have problems with the form, email the board: hallitus [at] mcmoka [dot] fi. What M\u00f6k\u00e4? Hevay metal is the most important thing in the world! Distorted guitars and double bass drums all the way! No other music genre has that kind of &#8230; <a title=\"F.A.Q\" class=\"read-more\" href=\"https:\/\/mcmoka.fi\/?page_id=391&#038;lang=en\">Read more<span class=\"screen-reader-text\">F.A.Q<\/span><\/a><\/p>\n","protected":false},"author":1,"featured_media":0,"parent":363,"menu_order":0,"comment_status":"closed","ping_status":"closed","template":"","meta":{"footnotes":""},"class_list":["post-391","page","type-page","status-publish"],"_links":{"self":[{"href":"https:\/\/mcmoka.fi\/index.php?rest_route=\/wp\/v2\/pages\/391","targetHints":{"allow":["GET"]}}],"collection":[{"href":"https:\/\/mcmoka.fi\/index.php?rest_route=\/wp\/v2\/pages"}],"about":[{"href":"https:\/\/mcmoka.fi\/index.php?rest_route=\/wp\/v2\/types\/page"}],"author":[{"embeddable":true,"href":"https:\/\/mcmoka.fi\/index.php?rest_route=\/wp\/v2\/users\/1"}],"replies":[{"embeddable":true,"href":"https:\/\/mcmoka.fi\/index.php?rest_route=%2Fwp%2Fv2%2Fcomments&post=391"}],"version-history":[{"count":8,"href":"https:\/\/mcmoka.fi\/index.php?rest_route=\/wp\/v2\/pages\/391\/revisions"}],"predecessor-version":[{"id":794,"href":"https:\/\/mcmoka.fi\/index.php?rest_route=\/wp\/v2\/pages\/391\/revisions\/794"}],"up":[{"embeddable":true,"href":"https:\/\/mcmoka.fi\/index.php?rest_route=\/wp\/v2\/pages\/363"}],"wp:attachment":[{"href":"https:\/\/mcmoka.fi\/index.php?rest_route=%2Fwp%2Fv2%2Fmedia&parent=391"}],"curies":[{"name":"wp","href":"https:\/\/api.w.org\/{rel}","templated":true}]}}