{"id":378,"date":"2023-07-19T08:38:14","date_gmt":"2023-07-19T08:38:14","guid":{"rendered":"http:\/\/dev.mcmoka.fi\/?page_id=378"},"modified":"2023-11-15T15:32:16","modified_gmt":"2023-11-15T15:32:16","slug":"membership","status":"publish","type":"page","link":"https:\/\/mcmoka.fi\/?page_id=378&lang=en","title":{"rendered":"Membership"},"content":{"rendered":"<p>Metal Club M\u00f6k\u00e4&#8217;s memberlist is implemented with Yhdistysavain-service.<\/p>\n<p><strong>NOTE!<\/strong> The registration form allows you to become a member of the club, but for now it does not automatically add you to our email lists that inform about events. So join the <a href=\"https:\/\/list.ayy.fi\/postorius\/lists\/moka-jas.list.ayy.fi\/\">member list<\/a> separately (more information in page <a href=\"http:\/\/mcmoka.fi\/?page_id=384&amp;lang=en\" data-type=\"page\" data-id=\"384\">Contact us<\/a>).<\/p>\n<h4 class=\"wp-block-heading\"><a href=\"https:\/\/mcmoka.yhdistysavain.fi\/liity-jaseneksi-join-the-club\/\">Join M\u00f6k\u00e4!<\/a><\/h4>\n<p><a href=\"http:\/\/mcmoka.fi\/?page_id=444&amp;lang=en\" data-type=\"page\" data-id=\"444\">J\u00e4senrekisterin tietosuojaseloste (member register privacy policy in Finnish)<\/a><\/p>\n<p>You can see what info we have about you by logging in via <a href=\"https:\/\/mcmoka.yhdistysavain.fi\/\">Yhdistysavain<\/a> or by contacting <a href=\"http:\/\/mcmoka.fi\/?page_id=367&amp;lang=en\" data-type=\"page\" data-id=\"367\">the board<\/a>.<\/p>\n","protected":false},"excerpt":{"rendered":"<p>Metal Club M\u00f6k\u00e4&#8217;s memberlist is implemented with Yhdistysavain-service. NOTE! The registration form allows you to become a member of the club, but for now it does not automatically add you to our email lists that inform about events. So join the member list separately (more information in page Contact us). Join M\u00f6k\u00e4! J\u00e4senrekisterin tietosuojaseloste (member &#8230; <a title=\"Membership\" class=\"read-more\" href=\"https:\/\/mcmoka.fi\/?page_id=378&#038;lang=en\">Read more<span class=\"screen-reader-text\">Membership<\/span><\/a><\/p>\n","protected":false},"author":1,"featured_media":0,"parent":363,"menu_order":12,"comment_status":"closed","ping_status":"closed","template":"","meta":{"footnotes":""},"class_list":["post-378","page","type-page","status-publish"],"_links":{"self":[{"href":"https:\/\/mcmoka.fi\/index.php?rest_route=\/wp\/v2\/pages\/378","targetHints":{"allow":["GET"]}}],"collection":[{"href":"https:\/\/mcmoka.fi\/index.php?rest_route=\/wp\/v2\/pages"}],"about":[{"href":"https:\/\/mcmoka.fi\/index.php?rest_route=\/wp\/v2\/types\/page"}],"author":[{"embeddable":true,"href":"https:\/\/mcmoka.fi\/index.php?rest_route=\/wp\/v2\/users\/1"}],"replies":[{"embeddable":true,"href":"https:\/\/mcmoka.fi\/index.php?rest_route=%2Fwp%2Fv2%2Fcomments&post=378"}],"version-history":[{"count":4,"href":"https:\/\/mcmoka.fi\/index.php?rest_route=\/wp\/v2\/pages\/378\/revisions"}],"predecessor-version":[{"id":676,"href":"https:\/\/mcmoka.fi\/index.php?rest_route=\/wp\/v2\/pages\/378\/revisions\/676"}],"up":[{"embeddable":true,"href":"https:\/\/mcmoka.fi\/index.php?rest_route=\/wp\/v2\/pages\/363"}],"wp:attachment":[{"href":"https:\/\/mcmoka.fi\/index.php?rest_route=%2Fwp%2Fv2%2Fmedia&parent=378"}],"curies":[{"name":"wp","href":"https:\/\/api.w.org\/{rel}","templated":true}]}}