{"id":367,"date":"2023-07-19T08:33:03","date_gmt":"2023-07-19T08:33:03","guid":{"rendered":"http:\/\/dev.mcmoka.fi\/?page_id=367"},"modified":"2026-01-23T12:35:23","modified_gmt":"2026-01-23T12:35:23","slug":"the-board","status":"publish","type":"page","link":"https:\/\/mcmoka.fi\/?page_id=367&lang=en","title":{"rendered":"The Board"},"content":{"rendered":"\r\n<p>You can contact the Metal Club M\u00f6k\u00e4 board primarily via the email <strong>hallitus [at] mcmoka [dot] fi<\/strong><\/p>\r\n\r\n\r\n\r\n<p>Clubroom address: J\u00e4mer\u00e4ntaival 7A<br \/>Postal address for the club: PL 69, 02151 Espoo<\/p>\r\n\r\n\r\n\r\n<p>Association bank account number (IBAN):\u00a0FI20 8020 0710 4128 74<br \/>(Receiver: Metal Club M\u00f6k\u00e4 ry)<\/p>\r\n\r\n\r\n\r\n<h2 class=\"wp-block-heading\">The board 2026<\/h2>\r\n\r\n\r\n\r\n<figure class=\"wp-block-table\">\r\n<table>\r\n<tbody>\r\n<tr>\r\n<td>President<\/td>\r\n<td>Lauri Kalkkinen<\/td>\r\n<\/tr>\r\n<tr>\r\n<td>Secretary<\/td>\r\n<td>Ville Vuorinen<\/td>\r\n<\/tr>\r\n<tr>\r\n<td>Treasurert\/Vice Secretary<\/td>\r\n<td>Aleksandr Lemin<\/td>\r\n<\/tr>\r\n<tr>\r\n<td>Vice President<\/td>\r\n<td>Ulisses Marti<\/td>\r\n<\/tr>\r\n<tr>\r\n<td>Muut hallituksen j\u00e4senet<\/td>\r\n<td>Daniel Kankaanp\u00e4\u00e4<\/td>\r\n<\/tr>\r\n<tr>\r\n<td>\u00a0<\/td>\r\n<td>Andres Zapata<\/td>\r\n<\/tr>\r\n<tr>\r\n<td>\u00a0<\/td>\r\n<td>Jyri Kinnari<\/td>\r\n<\/tr>\r\n<tr>\r\n<td>\u00a0<\/td>\r\n<td>Nuutti Hakala<\/td>\r\n<\/tr>\r\n<\/tbody>\r\n<\/table>\r\n<\/figure>\r\n\r\n\r\n\r\n<h2 class=\"wp-block-heading\">Auditors 2026<\/h2>\r\n\r\n\r\n\r\n<figure class=\"wp-block-table\">\r\n<table>\r\n<tbody>\r\n<tr>\r\n<td>Lisa Sparf<\/td>\r\n<td>(deputy: Veikko Hyt\u00f6nen)<\/td>\r\n<\/tr>\r\n<tr>\r\n<td>Olli-Pekka Osmala<\/td>\r\n<td>(deputy: Frida Bj\u00f6rklund)<\/td>\r\n<\/tr>\r\n<\/tbody>\r\n<\/table>\r\n<\/figure>\r\n\r\n\r\n\r\n<h2 class=\"wp-block-heading\">Officials 2026<\/h2>\r\n\r\n\r\n\r\n<figure class=\"wp-block-table\">\r\n<table>\r\n<tbody>\r\n<tr>\r\n<td>Lord ov Hell<\/td>\r\n<td>Ville Vuorinen<\/td>\r\n<\/tr>\r\n<tr>\r\n<td>Member register manager<\/td>\r\n<td>Nuutti Hakala<\/td>\r\n<\/tr>\r\n<tr>\r\n<td>Member register manager<\/td>\r\n<td>Henrik Romppainen<\/td>\r\n<\/tr>\r\n<tr>\r\n<td>IT Bogeyman<\/td>\r\n<td>Aleksandr Lemin<\/td>\r\n<\/tr>\r\n<tr>\r\n<td>IT Goblin<\/td>\r\n<td>Ville Vuorinen<\/td>\r\n<\/tr>\r\n<tr>\r\n<td>IT Gollum<\/td>\r\n<td>Ulisses Marti<\/td>\r\n<\/tr>\r\n<tr>\r\n<td>IT Gandalf<\/td>\r\n<td>Nuutti Hakala<\/td>\r\n<\/tr>\r\n<tr>\r\n<td>Announcer<\/td>\r\n<td>Daniel Kankaanp\u00e4\u00e4<\/td>\r\n<\/tr>\r\n<tr>\r\n<td>Gig Goblin<\/td>\r\n<td>Vanessa Iglesias<\/td>\r\n<\/tr>\r\n<tr>\r\n<td>Gig Olo<\/td>\r\n<td>Lauri Kalkkinen<\/td>\r\n<\/tr>\r\n<tr>\r\n<td>General Wiener Machine<\/td>\r\n<td>Vanessa Iglesias<\/td>\r\n<\/tr>\r\n<tr>\r\n<td>Poison Brewer<\/td>\r\n<td>Matti L\u00e4hde<\/td>\r\n<\/tr>\r\n<tr>\r\n<td>Official Cunt<\/td>\r\n<td>Joe Depellette<\/td>\r\n<\/tr>\r\n<tr>\r\n<td>Official Cunt<\/td>\r\n<td>Olli-Pekka Osmala<\/td>\r\n<\/tr>\r\n<tr>\r\n<td>Reisef\u00fchrer<\/td>\r\n<td>Juhana Hirvilahti<\/td>\r\n<\/tr>\r\n<tr>\r\n<td>Harassment contact person<\/td>\r\n<td>Vanessa Iglesias<\/td>\r\n<\/tr>\r\n<tr>\r\n<td>Some Grill<\/td>\r\n<td>Jaakko Ojaluoma<\/td>\r\n<\/tr>\r\n<tr>\r\n<td>Sports executioner<\/td>\r\n<td>Henrik Romppainen<\/td>\r\n<\/tr>\r\n<tr>\r\n<td>Clubroom Goblin<\/td>\r\n<td>Daniel Kankaanp\u00e4\u00e4<\/td>\r\n<\/tr>\r\n<tr>\r\n<td>Ambassador<\/td>\r\n<td>Andres Zapata<\/td>\r\n<\/tr>\r\n<\/tbody>\r\n<\/table>\r\n<\/figure>\r\n<p>&nbsp;<\/p>\r\n\r\n<p><a href=\"http:\/\/mcmoka.fi\/?page_id=403&amp;lang=en\" data-type=\"page\" data-id=\"403\">Previous boards<\/a><\/p>\r\n","protected":false},"excerpt":{"rendered":"<p>You can contact the Metal Club M\u00f6k\u00e4 board primarily via the email hallitus [at] mcmoka [dot] fi Clubroom address: J\u00e4mer\u00e4ntaival 7APostal address for the club: PL 69, 02151 Espoo Association bank account number (IBAN):\u00a0FI20 8020 0710 4128 74(Receiver: Metal Club M\u00f6k\u00e4 ry) The board 2026 President Lauri Kalkkinen Secretary Ville Vuorinen Treasurert\/Vice Secretary Aleksandr Lemin &#8230; <a title=\"The Board\" class=\"read-more\" href=\"https:\/\/mcmoka.fi\/?page_id=367&#038;lang=en\">Read more<span class=\"screen-reader-text\">The Board<\/span><\/a><\/p>\n","protected":false},"author":1,"featured_media":0,"parent":363,"menu_order":0,"comment_status":"closed","ping_status":"closed","template":"","meta":{"footnotes":""},"class_list":["post-367","page","type-page","status-publish"],"_links":{"self":[{"href":"https:\/\/mcmoka.fi\/index.php?rest_route=\/wp\/v2\/pages\/367","targetHints":{"allow":["GET"]}}],"collection":[{"href":"https:\/\/mcmoka.fi\/index.php?rest_route=\/wp\/v2\/pages"}],"about":[{"href":"https:\/\/mcmoka.fi\/index.php?rest_route=\/wp\/v2\/types\/page"}],"author":[{"embeddable":true,"href":"https:\/\/mcmoka.fi\/index.php?rest_route=\/wp\/v2\/users\/1"}],"replies":[{"embeddable":true,"href":"https:\/\/mcmoka.fi\/index.php?rest_route=%2Fwp%2Fv2%2Fcomments&post=367"}],"version-history":[{"count":12,"href":"https:\/\/mcmoka.fi\/index.php?rest_route=\/wp\/v2\/pages\/367\/revisions"}],"predecessor-version":[{"id":785,"href":"https:\/\/mcmoka.fi\/index.php?rest_route=\/wp\/v2\/pages\/367\/revisions\/785"}],"up":[{"embeddable":true,"href":"https:\/\/mcmoka.fi\/index.php?rest_route=\/wp\/v2\/pages\/363"}],"wp:attachment":[{"href":"https:\/\/mcmoka.fi\/index.php?rest_route=%2Fwp%2Fv2%2Fmedia&parent=367"}],"curies":[{"name":"wp","href":"https:\/\/api.w.org\/{rel}","templated":true}]}}