{"id":20,"date":"2016-09-04T17:52:23","date_gmt":"2016-09-04T17:52:23","guid":{"rendered":"http:\/\/localhost:8667\/?p=20"},"modified":"2023-07-17T18:24:39","modified_gmt":"2023-07-17T18:24:39","slug":"urheilu","status":"publish","type":"page","link":"https:\/\/mcmoka.fi\/?page_id=20","title":{"rendered":"Urheilu"},"content":{"rendered":"<p>Muun toiminnan ohella m\u00f6k\u00e4l\u00e4iset ovat pelanneet s\u00e4hly\u00e4, jalkapalloa ja satunnaisesti muitakin lajeja. Emme ole erityisen ammattimaisia pelaajia, joten kaikentasoiset kiinnostuneet ovat tervetulleita joukkoon!<\/p>\n<p>Pelien j\u00e4rkk\u00e4ily ja muu asiaan liittyv\u00e4 tiedottaminen tapahtuu M\u00f6k\u00e4n <a href=\"https:\/\/list.ayy.fi\/postorius\/lists\/moka-salibandy.list.ayy.fi\/\">s\u00e4hlylistalla<\/a>.<\/p>\n","protected":false},"excerpt":{"rendered":"<p>Muun toiminnan ohella m\u00f6k\u00e4l\u00e4iset ovat pelanneet s\u00e4hly\u00e4, jalkapalloa ja satunnaisesti muitakin lajeja. Emme ole erityisen ammattimaisia pelaajia, joten kaikentasoiset kiinnostuneet ovat tervetulleita joukkoon! Pelien j\u00e4rkk\u00e4ily ja muu asiaan liittyv\u00e4 tiedottaminen tapahtuu M\u00f6k\u00e4n s\u00e4hlylistalla.<\/p>\n","protected":false},"author":1,"featured_media":0,"parent":0,"menu_order":23,"comment_status":"open","ping_status":"open","template":"","meta":{"footnotes":""},"class_list":["post-20","page","type-page","status-publish"],"_links":{"self":[{"href":"https:\/\/mcmoka.fi\/index.php?rest_route=\/wp\/v2\/pages\/20","targetHints":{"allow":["GET"]}}],"collection":[{"href":"https:\/\/mcmoka.fi\/index.php?rest_route=\/wp\/v2\/pages"}],"about":[{"href":"https:\/\/mcmoka.fi\/index.php?rest_route=\/wp\/v2\/types\/page"}],"author":[{"embeddable":true,"href":"https:\/\/mcmoka.fi\/index.php?rest_route=\/wp\/v2\/users\/1"}],"replies":[{"embeddable":true,"href":"https:\/\/mcmoka.fi\/index.php?rest_route=%2Fwp%2Fv2%2Fcomments&post=20"}],"version-history":[{"count":1,"href":"https:\/\/mcmoka.fi\/index.php?rest_route=\/wp\/v2\/pages\/20\/revisions"}],"predecessor-version":[{"id":235,"href":"https:\/\/mcmoka.fi\/index.php?rest_route=\/wp\/v2\/pages\/20\/revisions\/235"}],"wp:attachment":[{"href":"https:\/\/mcmoka.fi\/index.php?rest_route=%2Fwp%2Fv2%2Fmedia&parent=20"}],"curies":[{"name":"wp","href":"https:\/\/api.w.org\/{rel}","templated":true}]}}