{"id":19,"date":"2016-09-04T17:50:33","date_gmt":"2016-09-04T17:50:33","guid":{"rendered":"http:\/\/localhost:8667\/?p=19"},"modified":"2024-10-21T19:20:54","modified_gmt":"2024-10-21T19:20:54","slug":"soittaneet","status":"publish","type":"page","link":"https:\/\/mcmoka.fi\/?page_id=19","title":{"rendered":"Soittaneet"},"content":{"rendered":"\r\n<h3 class=\"wp-block-heading\">M\u00f6k\u00e4n tapahtumissa soittaneet b\u00e4ndit<\/h3>\r\n<p><strong>2024<br \/><\/strong>Lokakuu: <strong>Inferia, Ramificator, Varkat<\/strong> (Autumn Inferno, OUBS)<br \/>Elokuu: <strong>Hollow Corpse, Virulent Life, Corpsumed<\/strong> (Forever Underground, T\u00e4ff\u00e4n alikulku aka Oikosulku)<br \/>Maaliskuu: <strong>Sigir, Saasta, Defenent<\/strong> (March Massacre, OUBS)<\/p>\r\n<p><strong>2023<\/strong><br \/>Lokakuu: <strong>Abstrakt, Qwadrax, Altar of Despair<\/strong> (Autumn Mist rituaali, OUBS)<br \/>Elokuu: <strong>Torsofuck, Chainsword (POL), IA, Cardinal&#8217;s Folly, Pahan Ikoni, Azgaroth, Hexhammer, Valravn, Sleeper&#8217;s Keep, Mutant Blast, Freedomination, Apocrypth<\/strong> (M\u00f6k\u00e4fest IV, Sm\u00f6kki)<br \/>Huhtikuu: <strong>Born of Thorns, Ashen Tomb, F.I.D.I.<\/strong> (Pre-Wappu rituaali, OUBS)<\/p>\r\n\r\n\r\n\r\n<p><strong>2022<\/strong><br \/>Lokakuu:<strong>\u00a0Hollow Corpse, Nervebreak, Legion A.D.<\/strong>\u00a0(Syksyn keikkailta, OUBS)<br \/>Maaliskuu:\u00a0<strong>Marrasmieli, Anzillu, Nightstryke\u00a0<\/strong>(Kev\u00e4\u00e4n keikkailta, OUBS)<\/p>\r\n\r\n\r\n\r\n<p><strong>2021<br \/><\/strong>Lokakuu:<strong> Gomorran, No Use, Astral Corpse<\/strong> (All Hallows&#8217; Gig, OUBS)<br \/>Hein\u00e4kuu: <strong>Mutant Blast, Virulent Life, Apocrypth<\/strong> (Backyard Breeze, Kertsin edusta)<br \/>Huhtikuu: <strong>Azgaroth<\/strong> (&#8220;Wiikon Wappustudio&#8221;-livestriimi, Dipoli)<\/p>\r\n\r\n\r\n\r\n<p><strong>2019<\/strong><br \/>Lokakuu:<strong> Humavoid, Liminal, Valravn<\/strong> (Gig of the Fall, OUBS)<br \/>Huhtikuu: <strong>Mumincunt (SWE), <\/strong><strong>Apocrypth, <\/strong><strong>Elvenscroll <\/strong>(Wappu-calypse, OUBS)<\/p>\r\n\r\n\r\n\r\n<p><strong>2018<\/strong><br \/>Lokakuu: <strong>Hexhammer, Vihamieli, Azgaroth<\/strong> (The Unholy Black Mass ov Otaniemi, OUBS)<br \/>Elokuu: <strong>Shade Empire, Brymir, Urn, Abstrakt, Cause of Death, Perihelion Ship, Asgardium, ARBALEST plays Bolt Thrower, Ever Circling Wolves, Caught In The Between <\/strong>(M\u00f6k\u00e4fest III, T\u00e4ff\u00e4)<\/p>\r\n\r\n\r\n\r\n<p><strong>2017<br \/><\/strong>Lokakuu:\u00a0<strong>Blackhearted, Astral Corpse, Qwadrax <\/strong>(Keikkailta, OUBS)<br \/>Toukokuu:<strong> Suamenlejjona, Ceaseless Torment, Scales <\/strong>(Army Goes Otaniemi, OUBS)<br \/>Huhtikuu: <strong>Vihamieli<\/strong> (Erotic Diarrhea Fantasy Night, Wappuareena)<\/p>\r\n\r\n\r\n\r\n<p><strong>2016<br \/><\/strong>Lokakuu:<strong> Perihelion Ship<\/strong>, <strong>Withstand the Fall<\/strong>, <strong>Nihilizer <\/strong>(Keikkailta, OUBS)Toukokuu: <strong>God Disease<\/strong>, <strong>Inequity\u00a0<\/strong>(Afterwappu, Rantasauna)<\/p>\r\n\r\n\r\n\r\n<p><strong>2015<\/strong><br \/>Lokakuu: <strong>Halo of Dreams, Nihile, Nodding Sky, Shapeless<\/strong> (Dungeon Escape Tour 2, Lepakkomies)<br \/>Elokuu: <strong>Pelkotila<\/strong>, <strong>Winterthroned<\/strong>, <strong>Madred<\/strong>, <strong>Born of Thorns<\/strong>, <strong>Inequity<\/strong>, <strong>Di\u00e4b Soul\u00e9<\/strong>, <strong>Angel Sword<\/strong>, <strong>Noora Korppi<\/strong>, <strong>Systematic Sickness Kin<\/strong>, <strong>Cadaveric Incubator<\/strong>, <strong>Holy Dragon&#8217;s Ass<\/strong> (17v-festarit, Sm\u00f6kki + Rantasauna)<br \/>Toukokuu: <strong>Refusal<\/strong>, <strong>Devenial Verdict<\/strong> (Afterwappu, Rantasauna)<\/p>\r\n\r\n\r\n\r\n<p><strong>2014<\/strong><br \/>Lokakuu: <strong>Creinium<\/strong>, <strong>Immergo<\/strong>, <strong>Saattov\u00e4ki<\/strong> (Dungeon Escape Tour, On the Rocks)<br \/>Syyskuu: <strong>Angel Sword<\/strong> (Kampusfestarit, Sm\u00f6kki)<br \/>Toukokuu: <strong>Thyrien<\/strong>, <strong>Halo of Dreams<\/strong>, <strong>Dead Sound Committee<\/strong> (Keikkailta, Lepakkomies)<\/p>\r\n\r\n\r\n\r\n<p><strong>2013<\/strong><br \/>Lokakuu: <strong>Azaghal, <\/strong><strong>Gestalte, Korgonthurus<\/strong> (Light of the Black Sun | Lepakkomies)<br \/>Elokuu: <strong>Ryp\u00e4lepaska<\/strong>, <strong>Kurahuora<\/strong>, <strong>Noumena<\/strong>, <strong>Breathe the End<\/strong><br \/><strong>Souldrill<\/strong>, <strong>Asgardium<\/strong>, <strong>Refusal<\/strong>, <strong>NITE<\/strong>, <strong>Vinum Sabbatum<\/strong>, <strong>Combat Monster<\/strong> (15v-festarit | Sm\u00f6kki + Rantasauna)<br \/>Maaliskuu: <strong>In Process<\/strong>, <strong>Rankkuri<\/strong>, <strong>Droptide<\/strong> (keikkailta | Aate + Rantasauna)<\/p>\r\n\r\n\r\n\r\n<p><strong>2012<\/strong><br \/>Marraskuu: <strong>Church of the Dead<\/strong>, <strong>Walking Dead Suicide<\/strong>, <strong>Amputory<\/strong> (b\u00e4ndi-ilta | Aate + Gorsu)<br \/>Syyskuu: <strong>Nuclear F\u00fchrer<\/strong>, <strong>Medicated<\/strong>, <strong>IA<\/strong> (Metalliaate | B\u00e4ndi- ja videoilta, Aate + Gorsu)<br \/>Maaliskuu: <strong>Utilitarian Anthropophagy<\/strong>, <strong>Nodding Sky<\/strong>, <strong>Freedomination<\/strong> (B\u00e4ndi-ilta, Sm\u00f6kki + OK20)<\/p>\r\n\r\n\r\n\r\n<p><strong>2011<\/strong><br \/>Lokakuu: <strong>Cast to Wolves<\/strong>, <strong>Blastanus<\/strong>, <strong>GAF<\/strong>, <strong>Feastem<\/strong> (Slaves to the Grind | B\u00e4ndi- ja videoilta, Sm\u00f6kki + Gorsu)<br \/>Huhtikuu: <strong>Distant Embrace<\/strong>, <strong>Ever Circling Wolves<\/strong> (Doom on Sm\u00f6kki | B\u00e4ndi- ja videoilta, Sm\u00f6kki + OK20)<\/p>\r\n\r\n\r\n\r\n<p><strong>2010<\/strong><br \/>Joulukuu: <strong>Oddland<\/strong>, <strong>Carved In Ashes<\/strong>, <strong>Vinum Sabbatum<\/strong> (B\u00e4ndi- ja videoilta, Sm\u00f6kki)<br \/>Toukokuu: <strong>Abyss Ascended<\/strong>, <strong>(Psychoparalysis)<\/strong>, <strong>Ekstensio<\/strong>, <strong>Devenial Verdict<\/strong>, <strong>Regression<\/strong> (B\u00e4ndi- ja videoilta, Sm\u00f6kki + Rantasauna)<br \/>Toukokuu: <strong>ArchiTorture<\/strong>, <strong>Winterwolf<\/strong>, <strong>Holy Moses (GER)<\/strong> (Thr\u00e4sh D\u00f6mination, Dante&#8217;s Highlight)<\/p>\r\n\r\n\r\n\r\n<p><strong>2009<\/strong><br \/>Joulukuu: <strong>Caught in the Between<\/strong>, <strong>Euthanasia<\/strong>, <strong>Eternal Tears of Sorrow<\/strong>, <strong>Metsat\u00f6ll (EST)<\/strong> (Winter Torment, Gloria)<br \/>Marraskuu: <strong>Devenial Verdict<\/strong>, <strong>Mantequilla<\/strong>, <strong>Disquiet Animus<\/strong> (Viha ja h\u00e4r\u00f6ily | B\u00e4ndi- ja videoilta, Sm\u00f6kki)<br \/>Syyskuu: <strong>Caught in the Between<\/strong>, <strong>Cause of Death<\/strong>, <strong>Regression<\/strong> (Otaniemi Summer Freeze)<br \/>Huhtikuu: <strong>ArchiTorture<\/strong>, <strong>Lithuria<\/strong>, <strong>Cause for Effect<\/strong>,<br \/><strong>Devenial Verdict<\/strong>, <strong>Standard Coil Company<\/strong>, <strong>Regression<\/strong>, (Long Day Suffering | B\u00e4ndi- ja videoilta, Sm\u00f6kki + Rantasauna)<\/p>\r\n\r\n\r\n\r\n<p><strong>2008<\/strong><br \/>Marraskuu:<strong>Cast Iron<\/strong>, <strong>Violencer<\/strong>, <strong>Portrait (SE)<\/strong>, <strong>Evince (USA\/FIN)<\/strong>, (Metal Club M\u00f6k\u00e4 10v | Gloria)<br \/>Lokakuu: <strong>Cause of Death<\/strong>, <strong>Frozen Semen<\/strong>, (Semen of Death | B\u00e4ndi- ja videoilta, Sm\u00f6kki)<br \/>Elokuu: <strong>Caught In The Between<\/strong>, <strong>Regression<\/strong>, (Otaniemi Summer Breeze)<br \/>Huhtikuu: <strong>Blaze Bayley (UK)<\/strong>, <strong>Heavy Metal Perse<\/strong>, <strong>Armour<\/strong> (Vanha)<br \/>Huhtikuu: <strong>The Zombi<\/strong>, <strong>Kurahuora<\/strong> (Zombie Ritual | B\u00e4ndi- ja videoilta, Sm\u00f6kki)<\/p>\r\n\r\n\r\n\r\n<p><strong>2007<\/strong><br \/>Joulukuu: <strong>Euthanasia<\/strong>, <strong>Regression<\/strong> (Taantumus tai kuolema! | B\u00e4ndi- ja videoilta, Sm\u00f6kki)<br \/>Lokakuu: <strong>Impaled Nazarene<\/strong>, <strong>Manatark (EST)<\/strong>, <strong>Obscurant<\/strong> (Autumn Night, Goat Night, Vanha)<br \/>Maaliskuu: <strong>Bloodride<\/strong>, <strong>Kauna<\/strong> (Thirsting for Blood, Carrying a Grudge | B\u00e4ndi- ja videoilta, Sm\u00f6kki)<\/p>\r\n\r\n\r\n\r\n<p><strong>2006<\/strong><br \/>Marraskuu: <strong>URN<\/strong>, <strong>Must Missa (EST)<\/strong>, <strong>Spirit Disease<\/strong>, <strong>Hateform<\/strong> (Total Thrash Metal Holocaust, Gloria)<br \/>Lokakuu: <strong>Guardians of Mankind<\/strong>, <strong>Crystal Blaze<\/strong> (B\u00e4ndi- ja videoilta, Sm\u00f6kki)<br \/>Maaliskuu: <strong>Surma<\/strong>, <strong>Carnal Creation<\/strong> (What a Night for a Death Metal Fight! B\u00e4ndi- ja videoilta, Sm\u00f6kki)<br \/>Tammikuu: <strong>Skyforger (LV)<\/strong>, <strong>Moonsorrow<\/strong>, <strong>Noumena<\/strong>, <strong>Evilion<\/strong> (Return Of The Pagan Might, Gloria)<\/p>\r\n\r\n\r\n\r\n<p><strong>2005<\/strong><br \/>Marraskuu: <strong>Embreach<\/strong>, <strong>Inferal<\/strong> (B\u00e4ndi- ja videoilta, Sm\u00f6kki)<br \/>Toukokuu: <strong>Metsat\u00f6ll (EST)<\/strong>, <strong>Swallow the Sun<\/strong>, <strong>Insomnium<\/strong> (Vanha Raskaana, Vanha ylioppilastalo)<br \/>Helmikuu: <strong>Born of Thorns<\/strong>, <strong>Dead Samaritan<\/strong> (B\u00e4ndi- ja videoilta, Sm\u00f6kki)<\/p>\r\n\r\n\r\n\r\n<p><strong>2004<\/strong><br \/>Marraskuu: <strong>From Ashes<\/strong> (B\u00e4ndi- ja videoilta, Sm\u00f6kki)<br \/>Lokakuu: <strong>Turisas<\/strong>, <strong>Trollheim&#8217;s Grott<\/strong>, <strong>De Lirium&#8217;s Order<\/strong> (Heathen Troll Party, Stella Star)<br \/>Toukokuu: <strong>Imperanon<\/strong>, <strong>Profane Omen<\/strong>, <strong>The Enchained<\/strong> (Helsinki Goatfest, Nousu)<br \/>Maaliskuu: <strong>Kuolemanpataljoona<\/strong>, <strong>Euphrosyne<\/strong> (B\u00e4ndi- ja videoilta, Sm\u00f6kki)<br \/>Tammikuu: <strong>Silentium<\/strong>, <strong>Dreamtale<\/strong>, <strong>Battlelore<\/strong>, <strong>Violet Halo<\/strong> (1826 Days Of Suffering, Stella Star)<\/p>\r\n\r\n\r\n\r\n<p><strong>2003<\/strong><br \/>Marraskuu: <strong>Kiuas<\/strong>, <strong>Witheria<\/strong> (B\u00e4ndi- ja videoilta, Sm\u00f6kki)<br \/>Toukokuu: <strong>Amoral<\/strong>, <strong>Heavy Metal Perse<\/strong>, <strong>(Hullun Miehen) Seiv\u00e4s<\/strong> (Nuklear Summer, Nousu)<br \/>Huhtikuu: <strong>Imperanon<\/strong> (B\u00e4ndi- ja videoilta, Sm\u00f6kki)<\/p>\r\n\r\n\r\n\r\n<p><strong>2002<\/strong><br \/>Joulukuu: <strong>Wasara<\/strong>, <strong>Grayscale<\/strong> (Antikristmas, Nousu)<br \/>Lokakuu: <strong>Varpuusparvi<\/strong> (B\u00e4ndi- ja videoilta, Sm\u00f6kki)<\/p>\r\n\r\n\r\n\r\n<p><strong>2001<\/strong><br \/>Marraskuu: <strong>Ensiferum<\/strong>, <strong>Jane Doe 69<\/strong>, <strong>Lost In Twilight<\/strong> (Gloria Metallo, Gloria)<\/p>\r\n\r\n\r\n\r\n<p><strong>2000<\/strong><br \/>Huhtikuu: <strong>Genotaph<\/strong>, <strong>NightBride<\/strong> (48h metallimaratoni, OUBSin studio)<br \/>Maaliskuu: <strong>Finntroll<\/strong>, <strong>Lullacry<\/strong>, <strong>E.C.T.<\/strong>, <strong>Lost In Twilight<\/strong> (M\u00f6k\u00e4-M\u00f6k\u00e4-maa II, Sm\u00f6kki)<\/p>\r\n\r\n\r\n\r\n<p><strong>1999<\/strong><br \/>Joulukuu: <strong>Kainin lapset<\/strong>, <strong>Gramary<\/strong> (Black Xmas, T\u00e4ff\u00e4)<br \/>Maaliskuu: <strong>Jee!sukset<\/strong>, <strong>Golliwog<\/strong>, <strong>At Winter&#8217;s End<\/strong>, <strong>Nightbride<\/strong> (M\u00f6k\u00e4-M\u00f6k\u00e4-maa, Sm\u00f6kki)<\/p>\r\n\r\n\r\n\r\n<p>Lis\u00e4ykset ja korjaukset osoitteeseen hallitus [at] mcmoka [piste] fi<\/p>\r\n","protected":false},"excerpt":{"rendered":"<p>M\u00f6k\u00e4n tapahtumissa soittaneet b\u00e4ndit 2024Lokakuu: Inferia, Ramificator, Varkat (Autumn Inferno, OUBS)Elokuu: Hollow Corpse, Virulent Life, Corpsumed (Forever Underground, T\u00e4ff\u00e4n alikulku aka Oikosulku)Maaliskuu: Sigir, Saasta, Defenent (March Massacre, OUBS) 2023Lokakuu: Abstrakt, Qwadrax, Altar of Despair (Autumn Mist rituaali, OUBS)Elokuu: Torsofuck, Chainsword (POL), IA, Cardinal&#8217;s Folly, Pahan Ikoni, Azgaroth, Hexhammer, Valravn, Sleeper&#8217;s Keep, Mutant Blast, Freedomination, Apocrypth &#8230; <a title=\"Soittaneet\" class=\"read-more\" href=\"https:\/\/mcmoka.fi\/?page_id=19\">Read more<span class=\"screen-reader-text\">Soittaneet<\/span><\/a><\/p>\n","protected":false},"author":1,"featured_media":0,"parent":0,"menu_order":22,"comment_status":"closed","ping_status":"closed","template":"","meta":{"footnotes":""},"class_list":["post-19","page","type-page","status-publish"],"_links":{"self":[{"href":"https:\/\/mcmoka.fi\/index.php?rest_route=\/wp\/v2\/pages\/19","targetHints":{"allow":["GET"]}}],"collection":[{"href":"https:\/\/mcmoka.fi\/index.php?rest_route=\/wp\/v2\/pages"}],"about":[{"href":"https:\/\/mcmoka.fi\/index.php?rest_route=\/wp\/v2\/types\/page"}],"author":[{"embeddable":true,"href":"https:\/\/mcmoka.fi\/index.php?rest_route=\/wp\/v2\/users\/1"}],"replies":[{"embeddable":true,"href":"https:\/\/mcmoka.fi\/index.php?rest_route=%2Fwp%2Fv2%2Fcomments&post=19"}],"version-history":[{"count":5,"href":"https:\/\/mcmoka.fi\/index.php?rest_route=\/wp\/v2\/pages\/19\/revisions"}],"predecessor-version":[{"id":721,"href":"https:\/\/mcmoka.fi\/index.php?rest_route=\/wp\/v2\/pages\/19\/revisions\/721"}],"wp:attachment":[{"href":"https:\/\/mcmoka.fi\/index.php?rest_route=%2Fwp%2Fv2%2Fmedia&parent=19"}],"curies":[{"name":"wp","href":"https:\/\/api.w.org\/{rel}","templated":true}]}}