{"id":18,"date":"2016-09-04T17:11:35","date_gmt":"2016-09-04T17:11:35","guid":{"rendered":"http:\/\/localhost:8667\/?p=18"},"modified":"2023-11-15T11:19:33","modified_gmt":"2023-11-15T11:19:33","slug":"linkkejae-2","status":"publish","type":"page","link":"https:\/\/mcmoka.fi\/?page_id=18","title":{"rendered":"Linkkej\u00e4"},"content":{"rendered":"<p>Emme viitsi yll\u00e4pit\u00e4\u00e4 hirve\u00e4n kattavaa linkkikokoelmaa, koska muut tekev\u00e4t ty\u00f6n puolestamme. Hyvi\u00e4 l\u00e4ht\u00f6kohtia metallisille seikkailuille Internetiss\u00e4 ovat esimerkiksi <a class=\"normal\" href=\"http:\/\/www.imperiumi.net\" target=\"_blank\" rel=\"noopener noreferrer\">Imperiumi<\/a>\u00a0ja\u00a0<a href=\"http:\/\/kaaoszine.fi\/\">Kaaoszine<\/a>.<\/p>\n<p>T\u00e4ss\u00e4 hieman valikoitua M\u00f6k\u00e4\u2122-certified s\u00e4l\u00e4\u00e4:<\/p>\n<ul>\n<li><a class=\"normal\" href=\"http:\/\/www.mikseri.net\/artists\/carnalcreation.45483.php\" target=\"_blank\" rel=\"noopener noreferrer\">Carnal Creation<\/a><\/li>\n<li><a class=\"normal\" href=\"http:\/\/www.myspace.com\/caughtinthebetween\" target=\"_blank\" rel=\"noopener noreferrer\">Caught In The Between<\/a><\/li>\n<li><a class=\"normal\" href=\"http:\/\/www.cause-of-death.org\/\" target=\"_blank\" rel=\"noopener noreferrer\">Cause of Death<\/a><\/li>\n<li><a class=\"normal\" href=\"http:\/\/www.creinium.net\/\" target=\"_blank\" rel=\"noopener noreferrer\">Creinium<\/a><\/li>\n<li><a class=\"normal\" href=\"http:\/\/www.damnationplan.com\/\" target=\"_blank\" rel=\"noopener noreferrer\">Damnation Plan<\/a><\/li>\n<li><a class=\"normal\" href=\"http:\/\/www.deliriumsorder.net\/\" target=\"_blank\" rel=\"noopener noreferrer\">De Lirium&#8217;s Order<\/a><\/li>\n<li><a class=\"normal\" href=\"http:\/\/www.dropforge.fi\/\" target=\"_blank\" rel=\"noopener noreferrer\">Drop Forge<\/a><\/li>\n<li><a class=\"normal\" href=\"http:\/\/www.embreach.net\/\" target=\"_blank\" rel=\"noopener noreferrer\">Embreach<\/a><\/li>\n<li><a class=\"normal\" href=\"http:\/\/www.mikseri.net\/euthanasia\" target=\"_blank\" rel=\"noopener noreferrer\">Euthanasia<\/a><\/li>\n<li><a class=\"normal\" href=\"http:\/\/www.myspace.com\/fromashesmetal\" target=\"_blank\" rel=\"noopener noreferrer\">From Ashes<\/a><\/li>\n<li><a class=\"normal\" href=\"http:\/\/www.myspace.com\/frozensemenmetal\" target=\"_blank\" rel=\"noopener noreferrer\">Frozen Semen<\/a><\/li>\n<li><a class=\"normal\" href=\"http:\/\/www.myspace.com\/guardiansofmankind\" target=\"_blank\" rel=\"noopener noreferrer\">Guardians of Mankind<\/a><\/li>\n<li><a class=\"normal\" href=\"http:\/\/www.heavymetalperse.com\/\" target=\"_blank\" rel=\"noopener noreferrer\">Heavy Metal Perse<\/a><\/li>\n<li><a class=\"normal\" href=\"http:\/\/www.mergingflare.com\/\" target=\"_blank\" rel=\"noopener noreferrer\">Merging Flare<\/a><\/li>\n<li><a class=\"normal\" href=\"http:\/\/www.noumena.info\" target=\"_blank\" rel=\"noopener noreferrer\">Noumena<\/a><\/li>\n<li><a class=\"normal\" href=\"http:\/\/spiritdisease.bandcamp.com\/\" target=\"_blank\" rel=\"noopener noreferrer\">Spirit Disease<\/a><\/li>\n<li><a class=\"nremal\" href=\"http:\/\/www.surma.fi\/\" target=\"blank_\" rel=\"noopener\">Surma<\/a><\/li>\n<li><a class=\"normal\" href=\"http:\/\/www.dio.net\/\" target=\"_blank\" rel=\"noopener noreferrer\">Tapio&#8217;s Ronnie James Dio Pages<\/a><\/li>\n<li><a class=\"normal\" href=\"http:\/\/www.witheria.com\/\" target=\"_blank\" rel=\"noopener noreferrer\">Witheria<\/a><\/li>\n<li><a class=\"normal\" href=\"http:\/\/evilion.net\" target=\"blank_\" rel=\"noopener\">Evilion<\/a><\/li>\n<li><a class=\"normal\" href=\"http:\/\/www.thraciar.com\/\" target=\"_blank\" rel=\"noopener\">Thraciar<\/a><\/li>\n<li><a class=\"normal\" href=\"http:\/\/withoutmusic.net\/\" target=\"_blank\" rel=\"noopener\">Without<\/a><\/li>\n<\/ul>\n<h4>Muita akateemisia metalliyhdistyksi\u00e4<\/h4>\n<ul>\n<li><a class=\"normal\" href=\"http:\/\/www.helsinki.fi\/jarj\/hyrmy\/\" target=\"_blank\" rel=\"noopener noreferrer\">Helsingin Yliopiston Raskaan Musiikin Yst\u00e4v\u00e4t HYRMY<\/a><\/li>\n<li><a class=\"normal\" href=\"http:\/\/www.pikametallimiehet.org\" target=\"_blank\" rel=\"noopener noreferrer\">Lappeenrannan Pikametallimiehet PMM<\/a><\/li>\n<li><a class=\"normal\" href=\"http:\/\/ttykitys.blogspot.fi\/\" target=\"_blank\" rel=\"noopener noreferrer\">Tampereen Teknillisen Yliopiston raskaan musiikin yst\u00e4v\u00e4t TTYkitys<\/a><\/li>\n<li><a class=\"normal\" href=\"http:\/\/tyrmays.blogspot.fi\/\" target=\"_blank\" rel=\"noopener noreferrer\">Tampereen Yliopiston Raskaan Musiikin Yst\u00e4vien Seura TYRM\u00c4YS<\/a><\/li>\n<li><a class=\"normal\" href=\"https:\/\/www.facebook.com\/heavymetaltampere\/\" target=\"_blank\" rel=\"noopener noreferrer\">Tampereen ammattikorkeakoulun Heavy Metal Tampere HMT<\/a><\/li>\n<li><a class=\"normal\" href=\"http:\/\/www.uwasa.fi\/%7Ewymk\/\" target=\"_blank\" rel=\"noopener noreferrer\">Vaasan yliopiston metallikerho JYR\u00c4<\/a><\/li>\n<li><a class=\"normal\" href=\"http:\/\/www.tyrmy.net\" target=\"_blank\" rel=\"noopener noreferrer\">Turun Yliopiston Raskaan Musiikin Yst\u00e4v\u00e4t TYRMY<\/a><\/li>\n<li><a class=\"normal\" href=\"http:\/\/www.heavymetaltampere.fi\/\" target=\"_blank\" rel=\"noopener\">Heavy Metal Tampere<\/a><\/li>\n<li><a class=\"normal\" href=\"http:\/\/www.susirajametalclub.fi\/\" target=\"_blank\" rel=\"noopener noreferrer\">Joensuun Susiraja Metal Club SMC<\/a><\/li>\n<li><a class=\"normal\" href=\"http:\/\/www.jyrmy.org\/\" target=\"_blank\" rel=\"noopener noreferrer\">Jyv\u00e4skyl\u00e4n Raskaan Musiikin Yhdistys JYRMY<\/a><\/li>\n<li><a href=\"http:\/\/ormy-ry.blogspot.fi\/\">Oulun yliopiston Raskaan Musiikin Yst\u00e4v\u00e4t \u00d6RMY<\/a><\/li>\n<\/ul>\n","protected":false},"excerpt":{"rendered":"<p>Emme viitsi yll\u00e4pit\u00e4\u00e4 hirve\u00e4n kattavaa linkkikokoelmaa, koska muut tekev\u00e4t ty\u00f6n puolestamme. Hyvi\u00e4 l\u00e4ht\u00f6kohtia metallisille seikkailuille Internetiss\u00e4 ovat esimerkiksi Imperiumi\u00a0ja\u00a0Kaaoszine. T\u00e4ss\u00e4 hieman valikoitua M\u00f6k\u00e4\u2122-certified s\u00e4l\u00e4\u00e4: Carnal Creation Caught In The Between Cause of Death Creinium Damnation Plan De Lirium&#8217;s Order Drop Forge Embreach Euthanasia From Ashes Frozen Semen Guardians of Mankind Heavy Metal Perse Merging Flare &#8230; <a title=\"Linkkej\u00e4\" class=\"read-more\" href=\"https:\/\/mcmoka.fi\/?page_id=18\">Read more<span class=\"screen-reader-text\">Linkkej\u00e4<\/span><\/a><\/p>\n","protected":false},"author":1,"featured_media":0,"parent":0,"menu_order":20,"comment_status":"closed","ping_status":"closed","template":"","meta":{"footnotes":""},"class_list":["post-18","page","type-page","status-publish"],"_links":{"self":[{"href":"https:\/\/mcmoka.fi\/index.php?rest_route=\/wp\/v2\/pages\/18","targetHints":{"allow":["GET"]}}],"collection":[{"href":"https:\/\/mcmoka.fi\/index.php?rest_route=\/wp\/v2\/pages"}],"about":[{"href":"https:\/\/mcmoka.fi\/index.php?rest_route=\/wp\/v2\/types\/page"}],"author":[{"embeddable":true,"href":"https:\/\/mcmoka.fi\/index.php?rest_route=\/wp\/v2\/users\/1"}],"replies":[{"embeddable":true,"href":"https:\/\/mcmoka.fi\/index.php?rest_route=%2Fwp%2Fv2%2Fcomments&post=18"}],"version-history":[{"count":4,"href":"https:\/\/mcmoka.fi\/index.php?rest_route=\/wp\/v2\/pages\/18\/revisions"}],"predecessor-version":[{"id":675,"href":"https:\/\/mcmoka.fi\/index.php?rest_route=\/wp\/v2\/pages\/18\/revisions\/675"}],"wp:attachment":[{"href":"https:\/\/mcmoka.fi\/index.php?rest_route=%2Fwp%2Fv2%2Fmedia&parent=18"}],"curies":[{"name":"wp","href":"https:\/\/api.w.org\/{rel}","templated":true}]}}