{"id":13,"date":"2016-09-01T20:39:34","date_gmt":"2016-09-01T20:39:34","guid":{"rendered":"http:\/\/localhost:8667\/?p=13"},"modified":"2026-04-03T14:44:18","modified_gmt":"2026-04-03T14:44:18","slug":"faq","status":"publish","type":"page","link":"https:\/\/mcmoka.fi\/?page_id=13","title":{"rendered":"UKK"},"content":{"rendered":"\r\n<h2 class=\"wp-block-heading\">Usein kysyttyj\u00e4 kysymyksi\u00e4<\/h2>\r\n\r\n\r\n\r\n<div id=\"ez-toc-container\" class=\"ez-toc-v2_0_79_2 counter-hierarchy ez-toc-counter ez-toc-black ez-toc-container-direction\">\n<div class=\"ez-toc-title-container\">\n<p class=\"ez-toc-title\" style=\"cursor:inherit\">Sis\u00e4llysluettelo<\/p>\n<span class=\"ez-toc-title-toggle\"><a href=\"#\" class=\"ez-toc-pull-right ez-toc-btn ez-toc-btn-xs ez-toc-btn-default ez-toc-toggle\" aria-label=\"Toggle Table of Content\"><span class=\"ez-toc-js-icon-con\"><span class=\"\"><span class=\"eztoc-hide\" style=\"display:none;\">Toggle<\/span><span class=\"ez-toc-icon-toggle-span\"><svg style=\"fill: #999;color:#999\" xmlns=\"http:\/\/www.w3.org\/2000\/svg\" class=\"list-377408\" width=\"20px\" height=\"20px\" viewBox=\"0 0 24 24\" fill=\"none\"><path d=\"M6 6H4v2h2V6zm14 0H8v2h12V6zM4 11h2v2H4v-2zm16 0H8v2h12v-2zM4 16h2v2H4v-2zm16 0H8v2h12v-2z\" fill=\"currentColor\"><\/path><\/svg><svg style=\"fill: #999;color:#999\" class=\"arrow-unsorted-368013\" xmlns=\"http:\/\/www.w3.org\/2000\/svg\" width=\"10px\" height=\"10px\" viewBox=\"0 0 24 24\" version=\"1.2\" baseProfile=\"tiny\"><path d=\"M18.2 9.3l-6.2-6.3-6.2 6.3c-.2.2-.3.4-.3.7s.1.5.3.7c.2.2.4.3.7.3h11c.3 0 .5-.1.7-.3.2-.2.3-.5.3-.7s-.1-.5-.3-.7zM5.8 14.7l6.2 6.3 6.2-6.3c.2-.2.3-.5.3-.7s-.1-.5-.3-.7c-.2-.2-.4-.3-.7-.3h-11c-.3 0-.5.1-.7.3-.2.2-.3.5-.3.7s.1.5.3.7z\"\/><\/svg><\/span><\/span><\/span><\/a><\/span><\/div>\n<nav><ul class='ez-toc-list ez-toc-list-level-1 ' ><li class='ez-toc-page-1 ez-toc-heading-level-3'><a class=\"ez-toc-link ez-toc-heading-1\" href=\"https:\/\/mcmoka.fi\/?page_id=13\/#Miten_liityn_Mokaan\" >Miten liityn M\u00f6k\u00e4\u00e4n?<\/a><\/li><li class='ez-toc-page-1 ez-toc-heading-level-3'><a class=\"ez-toc-link ez-toc-heading-2\" href=\"https:\/\/mcmoka.fi\/?page_id=13\/#Mika_Moka\" >Mik\u00e4 M\u00f6k\u00e4?<\/a><\/li><li class='ez-toc-page-1 ez-toc-heading-level-3'><a class=\"ez-toc-link ez-toc-heading-3\" href=\"https:\/\/mcmoka.fi\/?page_id=13\/#Maksaako_jasenyys\" >Maksaako j\u00e4senyys?<\/a><\/li><li class='ez-toc-page-1 ez-toc-heading-level-3'><a class=\"ez-toc-link ez-toc-heading-4\" href=\"https:\/\/mcmoka.fi\/?page_id=13\/#Mita_te_oikein_teette\" >Mit\u00e4 te oikein teette?<\/a><\/li><li class='ez-toc-page-1 ez-toc-heading-level-3'><a class=\"ez-toc-link ez-toc-heading-5\" href=\"https:\/\/mcmoka.fi\/?page_id=13\/#Millaisia_saunaillat_ovat_ja_uskaltaako_sinne_tulla_jos_ei_tunne_ketaan\" >Millaisia saunaillat ovat, ja uskaltaako sinne tulla jos ei tunne ket\u00e4\u00e4n?<\/a><\/li><li class='ez-toc-page-1 ez-toc-heading-level-3'><a class=\"ez-toc-link ez-toc-heading-6\" href=\"https:\/\/mcmoka.fi\/?page_id=13\/#Myyko_Moka_alkoholia_tapahtumissaan\" >Myyk\u00f6 M\u00f6k\u00e4 alkoholia tapahtumissaan?<\/a><\/li><li class='ez-toc-page-1 ez-toc-heading-level-3'><a class=\"ez-toc-link ez-toc-heading-7\" href=\"https:\/\/mcmoka.fi\/?page_id=13\/#Mitka_ovat_maailman_parhaat_bandit\" >Mitk\u00e4 ovat maailman parhaat b\u00e4ndit?<\/a><\/li><li class='ez-toc-page-1 ez-toc-heading-level-3'><a class=\"ez-toc-link ez-toc-heading-8\" href=\"https:\/\/mcmoka.fi\/?page_id=13\/#Oletteko_te_synkkia_mustiinpukeutujia_jotka_syovat_lapsia_ja_palvovat_saatanaa\" >Oletteko te synkki\u00e4 mustiinpukeutujia, jotka sy\u00f6v\u00e4t lapsia ja palvovat saatanaa?<\/a><\/li><li class='ez-toc-page-1 ez-toc-heading-level-3'><a class=\"ez-toc-link ez-toc-heading-9\" href=\"https:\/\/mcmoka.fi\/?page_id=13\/#Haluatteko_te_ihan_oikeasti_kuunnella_metallimusiikkia\" >Haluatteko te ihan oikeasti kuunnella metallimusiikkia?<\/a><\/li><li class='ez-toc-page-1 ez-toc-heading-level-3'><a class=\"ez-toc-link ez-toc-heading-10\" href=\"https:\/\/mcmoka.fi\/?page_id=13\/#Paljonko_teilla_on_jasenia\" >Paljonko teill\u00e4 on j\u00e4seni\u00e4?<\/a><\/li><li class='ez-toc-page-1 ez-toc-heading-level-3'><a class=\"ez-toc-link ez-toc-heading-11\" href=\"https:\/\/mcmoka.fi\/?page_id=13\/#Miten_hallinto_pelaa\" >Miten hallinto pelaa?<\/a><\/li><li class='ez-toc-page-1 ez-toc-heading-level-3'><a class=\"ez-toc-link ez-toc-heading-12\" href=\"https:\/\/mcmoka.fi\/?page_id=13\/#Jarjestatteko_te_mitaan_oikeasti_nakemisen_arvoisia_keikkoja\" >J\u00e4rjest\u00e4ttek\u00f6 te mit\u00e4\u00e4n oikeasti n\u00e4kemisen arvoisia keikkoja?<\/a><\/li><li class='ez-toc-page-1 ez-toc-heading-level-3'><a class=\"ez-toc-link ez-toc-heading-13\" href=\"https:\/\/mcmoka.fi\/?page_id=13\/#Mita_hyodyn_jos_liityn_Mokaan_Mita_se_vaatii_minulta\" >Mit\u00e4 hy\u00f6dyn jos liityn M\u00f6k\u00e4\u00e4n? Mit\u00e4 se vaatii minulta?<\/a><\/li><li class='ez-toc-page-1 ez-toc-heading-level-3'><a class=\"ez-toc-link ez-toc-heading-14\" href=\"https:\/\/mcmoka.fi\/?page_id=13\/#Mita_jos_haluan_bandini_soittamaan_Mokan_tapahtumaan\" >Mit\u00e4 jos haluan b\u00e4ndini soittamaan M\u00f6k\u00e4n tapahtumaan?<\/a><\/li><li class='ez-toc-page-1 ez-toc-heading-level-3'><a class=\"ez-toc-link ez-toc-heading-15\" href=\"https:\/\/mcmoka.fi\/?page_id=13\/#Voinko_liittya_Mokaan_vaikka_opiskelen_yliopistollakauppakorkeassaxxx_ssa_Enta_jos_en_opiskele\" >Voinko liitty\u00e4 M\u00f6k\u00e4\u00e4n vaikka opiskelen yliopistolla\/kauppakorkeassa\/xxx:ss\u00e4? Ent\u00e4 jos en opiskele?<\/a><\/li><li class='ez-toc-page-1 ez-toc-heading-level-3'><a class=\"ez-toc-link ez-toc-heading-16\" href=\"https:\/\/mcmoka.fi\/?page_id=13\/#Missa_ihmeessa_on_kerhohuone_Gorsu_Smokki_Ossinsauna\" >Miss\u00e4 ihmeess\u00e4 on kerhohuone \/ Gorsu \/ Sm\u00f6kki \/ Ossinsauna?<\/a><\/li><li class='ez-toc-page-1 ez-toc-heading-level-3'><a class=\"ez-toc-link ez-toc-heading-17\" href=\"https:\/\/mcmoka.fi\/?page_id=13\/#Mitka_ihmeen_postituslistat\" >Mitk\u00e4 ihmeen postituslistat?<\/a><\/li><li class='ez-toc-page-1 ez-toc-heading-level-3'><a class=\"ez-toc-link ez-toc-heading-18\" href=\"https:\/\/mcmoka.fi\/?page_id=13\/#Olenko_jasen-_muulla_sahkopostilistalla\" >Olenko j\u00e4sen-\/ muulla s\u00e4hk\u00f6postilistalla?<\/a><\/li><li class='ez-toc-page-1 ez-toc-heading-level-3'><a class=\"ez-toc-link ez-toc-heading-19\" href=\"https:\/\/mcmoka.fi\/?page_id=13\/#Mita_teen_kun_en_muista_salasanaani\" >Mit\u00e4 teen kun en muista salasanaani?<\/a><\/li><li class='ez-toc-page-1 ez-toc-heading-level-3'><a class=\"ez-toc-link ez-toc-heading-20\" href=\"https:\/\/mcmoka.fi\/?page_id=13\/#Mika_ry_Miksi_Koska\" >Mik\u00e4 ry? Miksi? Koska?<\/a><\/li><li class='ez-toc-page-1 ez-toc-heading-level-3'><a class=\"ez-toc-link ez-toc-heading-21\" href=\"https:\/\/mcmoka.fi\/?page_id=13\/#Mika_on_Mokan_y-tunnus\" >Mik\u00e4 on M\u00f6k\u00e4n y-tunnus?<\/a><\/li><li class='ez-toc-page-1 ez-toc-heading-level-3'><a class=\"ez-toc-link ez-toc-heading-22\" href=\"https:\/\/mcmoka.fi\/?page_id=13\/#Tarjoatteko_bandikamppaa_tai_muita_bandipalveluita\" >Tarjoatteko b\u00e4ndik\u00e4mpp\u00e4\u00e4 tai muita b\u00e4ndipalveluita?<\/a><\/li><li class='ez-toc-page-1 ez-toc-heading-level-3'><a class=\"ez-toc-link ez-toc-heading-23\" href=\"https:\/\/mcmoka.fi\/?page_id=13\/#Olen_Mokalle_velkaa_asiasta_x_mihin_maksan\" >Olen M\u00f6k\u00e4lle velkaa asiasta x, mihin maksan?<\/a><\/li><li class='ez-toc-page-1 ez-toc-heading-level-3'><a class=\"ez-toc-link ez-toc-heading-24\" href=\"https:\/\/mcmoka.fi\/?page_id=13\/#Haluan_vuokrata_Mokan_omaisuutta_kayttooni_miten_onnistuu_ja_paljonko_maksaa\" >Haluan vuokrata M\u00f6k\u00e4n omaisuutta k\u00e4ytt\u00f6\u00f6ni, miten onnistuu ja paljonko maksaa?<\/a><\/li><li class='ez-toc-page-1 ez-toc-heading-level-3'><a class=\"ez-toc-link ez-toc-heading-25\" href=\"https:\/\/mcmoka.fi\/?page_id=13\/#Mista_tiedan_mita_tietoja_minusta_on_Mokan_jasenrekisterissa\" >Mist\u00e4 tied\u00e4n mit\u00e4 tietoja minusta on M\u00f6k\u00e4n j\u00e4senrekisteriss\u00e4?<\/a><\/li><li class='ez-toc-page-1 ez-toc-heading-level-3'><a class=\"ez-toc-link ez-toc-heading-26\" href=\"https:\/\/mcmoka.fi\/?page_id=13\/#Loysin_sivuilta_virheen_Minulla_on_parannusehdotus_Mita_teen\" >L\u00f6ysin sivuilta virheen! Minulla on parannusehdotus! Mit\u00e4 teen?<\/a><\/li><\/ul><\/nav><\/div>\n<h3 id=\"how\" class=\"wp-block-heading\"><span class=\"ez-toc-section\" id=\"Miten_liityn_Mokaan\"><\/span>Miten liityn M\u00f6k\u00e4\u00e4n?<span class=\"ez-toc-section-end\"><\/span><\/h3>\r\n\r\n\r\n\r\n<p>T\u00e4yt\u00e4 <a href=\"http:\/\/mcmoka.fi\/?page_id=7\" data-type=\"page\" data-id=\"7\">j\u00e4senhakemus<\/a>. Jos hakemuksen kanssa on ongelmia, ota yhteytt\u00e4 hallitukseen: hallitus [at] mcmoka [piste] fi.<\/p>\r\n\r\n\r\n\r\n<h3 id=\"mikamoka\" class=\"wp-block-heading\"><span class=\"ez-toc-section\" id=\"Mika_Moka\"><\/span>Mik\u00e4 M\u00f6k\u00e4?<span class=\"ez-toc-section-end\"><\/span><\/h3>\r\n\r\n\r\n\r\n<p>Hevaymusiikki on maailman t\u00e4rkein asia! S\u00e4r\u00f6kitaroita sek\u00e4 tuplabasareita ilman ei voi el\u00e4\u00e4! Miss\u00e4\u00e4n muussa musiikkityyliss\u00e4 ei ole samanlaista voimaa! Mik\u00e4li ajattelet n\u00e4in, liity M\u00f6k\u00e4\u00e4n. Mik\u00e4li et, liity silti ja alat pian ajatella oikealla tavalla. Metal Club M\u00f6k\u00e4 on Aalto-yliopiston kulttuuriyhdistys, jonka tavoite on julistaa hevay metal -musiikin pyh\u00e4\u00e4, ylev\u00e4\u00e4 sanomaa joka niemehen, notkohon ja saarelmaan. Oikeasti M\u00f6k\u00e4 siis toimii Aallon metallistiteekkareiden kokoavana voimana.<\/p>\r\n\r\n\r\n\r\n<h3 id=\"maksaako\" class=\"wp-block-heading\"><span class=\"ez-toc-section\" id=\"Maksaako_jasenyys\"><\/span>Maksaako j\u00e4senyys?<span class=\"ez-toc-section-end\"><\/span><\/h3>\r\n\r\n\r\n\r\n<p>Ei. Liittymis- ja vuosimaksu ovat py\u00f6re\u00e4t nolla euroa.<\/p>\r\n\r\n\r\n\r\n<h3 id=\"mitateette\" class=\"wp-block-heading\"><span class=\"ez-toc-section\" id=\"Mita_te_oikein_teette\"><\/span>Mit\u00e4 te oikein teette?<span class=\"ez-toc-section-end\"><\/span><\/h3>\r\n\r\n\r\n\r\n<p>Kuuntelemme musiikkia tapahtumissamme. Koemme helvetillist\u00e4 tuskaa saunoessamme. J\u00e4rjest\u00e4mme bileit\u00e4. Paahdamme helvetin lieskoilla kuolleiden el\u00e4inten osia ja nautimme ne suurella intohimolla (siis grillaamme). J\u00e4rjest\u00e4mme b\u00e4ndeille keikkoja. Retkeilemme musikaalisiin tapahtumiin. Avustamme <a class=\"normal\" href=\"https:\/\/hellsinkimetalfestival.fi\/\" target=\"_blank\" rel=\"noopener noreferrer\">Hellsinki metal festivalin<\/a> j\u00e4rjestelyiss\u00e4. Ajankohtaiset aktiviteetit l\u00f6ytyv\u00e4t aina <a href=\"http:\/\/mcmoka.fi\/?cat=22\">tapahtumat -sivulta<\/a>.<\/p>\r\n\r\n\r\n\r\n<h3 id=\"millaisia\" class=\"wp-block-heading\"><span class=\"ez-toc-section\" id=\"Millaisia_saunaillat_ovat_ja_uskaltaako_sinne_tulla_jos_ei_tunne_ketaan\"><\/span>Millaisia saunaillat ovat, ja uskaltaako sinne tulla jos ei tunne ket\u00e4\u00e4n?<span class=\"ez-toc-section-end\"><\/span><\/h3>\r\n\r\n\r\n\r\n<p>Saunailloissa on virallisena ohjelmana yleens\u00e4 ainoastaan musiikin kuuntelu ja vapaaehtoinen saunominen. Omaa musaa saa tuoda, mutta kannattaa varautua M\u00f6k\u00e4mixiin &#8211; jos musiikistasi ei tyk\u00e4t\u00e4, se ei v\u00e4ltt\u00e4m\u00e4tt\u00e4 kovin kauaa soi &#8211; ja toisin p\u00e4in, eli mik\u00e4li et tykk\u00e4\u00e4 soitettavasta musasta, saat vaihtaa sen omaasi. Saunalle kannattaa varata mukaan omaa musiikkia, saunakamppeet ja nestem\u00e4iset ev\u00e4\u00e4t &#8211; ilmainen booli ei yleens\u00e4 kaikille koko illaksi riit\u00e4.\u00a0Sipsej\u00e4 tms. ostetaan jos muistetaan. Paikalle saa ja kannattaa tulla uutenakin, jos kukaan ei tajua tulla heti juttelemaan niin nyk\u00e4ise vain hihasta jotain eteesi osuvaa ihmist\u00e4 ja kerro ett\u00e4 olet uusi. Hallitukselta saa my\u00f6s kysell\u00e4 mailitse neuvoja, jos paikalletulo tai perille osaaminen ep\u00e4ilytt\u00e4\u00e4.<\/p>\r\n\r\n\r\n\r\n<h3 id=\"hummeri\" class=\"wp-block-heading\"><span class=\"ez-toc-section\" id=\"Myyko_Moka_alkoholia_tapahtumissaan\"><\/span>Myyk\u00f6 M\u00f6k\u00e4 alkoholia tapahtumissaan?<span class=\"ez-toc-section-end\"><\/span><\/h3>\r\n\r\n\r\n\r\n<p>Ei. Baareissa j\u00e4rjestett\u00e4vill\u00e4 keikoilla toki baarin henkil\u00f6kunta myy.<\/p>\r\n\r\n\r\n\r\n<h3 id=\"parhaatbandit\" class=\"wp-block-heading\"><span class=\"ez-toc-section\" id=\"Mitka_ovat_maailman_parhaat_bandit\"><\/span>Mitk\u00e4 ovat maailman parhaat b\u00e4ndit?<span class=\"ez-toc-section-end\"><\/span><\/h3>\r\n\r\n\r\n\r\n<p>Tietysti Bolt Thrower, Moonsorrow, Immortal ja Alestorm. Tai melkein mitk\u00e4 tahansa muut b\u00e4ndit &#8211; M\u00f6k\u00e4st\u00e4 l\u00f6ytyy suunnilleen kaikkien mahdollisten raskaan musiikin alalajien yst\u00e4vi\u00e4.<\/p>\r\n\r\n\r\n\r\n<h3 id=\"synkkia\" class=\"wp-block-heading\"><span class=\"ez-toc-section\" id=\"Oletteko_te_synkkia_mustiinpukeutujia_jotka_syovat_lapsia_ja_palvovat_saatanaa\"><\/span>Oletteko te synkki\u00e4 mustiinpukeutujia, jotka sy\u00f6v\u00e4t lapsia ja palvovat saatanaa?<span class=\"ez-toc-section-end\"><\/span><\/h3>\r\n\r\n\r\n\r\n<p>No ihan takuulla. Ovathan kaikki countrymusiikin kuuntelijatkin itsetuhoisia asehulluja. Totta puhuen, vaikka metallissa tietynlainen tendenssi pime\u00e4lle puolelle kiistatta onkin, Metal Club M\u00f6k\u00e4 ei ota mink\u00e4\u00e4nlaista kantaa uskontoihin toimintansa yhteydess\u00e4. Tarkoituksemme ei ole promotoida pimeyden voimia, vaan ottaa ilo irti metallista. Toisinaan mukaan kuuluu (surku)hupaisa symboliikka, joka genreen kuuluu. Sit\u00e4paitsi mustiin pukeutuminen on helvetin tyylik\u00e4st\u00e4. M\u00f6k\u00e4n b\u00e4ndi-illoissa on soittanut niin kristillisen vakaumuksen omaavia muusikoita kuin pimeyteen kallistuviakin b\u00e4ndej\u00e4, ja j\u00e4senist\u00f6st\u00e4kin l\u00f6ytyy erilaisia uskonnottomia ja uskonnollisia vakaumuksia.<\/p>\r\n\r\n\r\n\r\n<h3 id=\"metallimusiikki\" class=\"wp-block-heading\"><span class=\"ez-toc-section\" id=\"Haluatteko_te_ihan_oikeasti_kuunnella_metallimusiikkia\"><\/span>Haluatteko te ihan oikeasti kuunnella metallimusiikkia?<span class=\"ez-toc-section-end\"><\/span><\/h3>\r\n\r\n\r\n\r\n<p>Kyll\u00e4. Metallimusiikki on sopivan turmiollista, ks. esim. <a href=\"http:\/\/mcmoka.fi\/?page_id=454\" data-type=\"page\" data-id=\"454\">Kouvolan Sanomat<\/a>.<\/p>\r\n\r\n\r\n\r\n<h3 id=\"jasenia\" class=\"wp-block-heading\"><span class=\"ez-toc-section\" id=\"Paljonko_teilla_on_jasenia\"><\/span>Paljonko teill\u00e4 on j\u00e4seni\u00e4?<span class=\"ez-toc-section-end\"><\/span><\/h3>\r\n\r\n\r\n\r\n<p>Reilu tuhat.<\/p>\r\n\r\n\r\n\r\n<h3 id=\"hallinto\" class=\"wp-block-heading\"><span class=\"ez-toc-section\" id=\"Miten_hallinto_pelaa\"><\/span>Miten hallinto pelaa?<span class=\"ez-toc-section-end\"><\/span><\/h3>\r\n\r\n\r\n\r\n<p>Vuosittain valittava <a href=\"http:\/\/mcmoka.fi\/?page_id=11\" data-type=\"page\" data-id=\"11\">hallitus<\/a> hoitaa asiat. Apunaan heill\u00e4 on enemm\u00e4n tai v\u00e4hemm\u00e4n erikseen valittavia toimihenkil\u00f6it\u00e4.<\/p>\r\n\r\n\r\n\r\n<h3 id=\"keikkoja\" class=\"wp-block-heading\"><span class=\"ez-toc-section\" id=\"Jarjestatteko_te_mitaan_oikeasti_nakemisen_arvoisia_keikkoja\"><\/span>J\u00e4rjest\u00e4ttek\u00f6 te mit\u00e4\u00e4n oikeasti n\u00e4kemisen arvoisia keikkoja?<span class=\"ez-toc-section-end\"><\/span><\/h3>\r\n\r\n\r\n\r\n<p>M\u00f6k\u00e4n tapahtumissa on vuosien varrella soittanut kymmeni\u00e4 b\u00e4ndej\u00e4, lista soittaneista l\u00f6ytyy <a href=\"http:\/\/mcmoka.fi\/?page_id=19\" data-type=\"page\" data-id=\"19\">t\u00e4\u00e4lt\u00e4<\/a>.<\/p>\r\n\r\n\r\n\r\n<h3 id=\"hyoty\" class=\"wp-block-heading\"><span class=\"ez-toc-section\" id=\"Mita_hyodyn_jos_liityn_Mokaan_Mita_se_vaatii_minulta\"><\/span>Mit\u00e4 hy\u00f6dyn jos liityn M\u00f6k\u00e4\u00e4n? Mit\u00e4 se vaatii minulta?<span class=\"ez-toc-section-end\"><\/span><\/h3>\r\n\r\n\r\n\r\n<p>J\u00e4senyys ei vaadi muuta kuin sen, ett\u00e4 pid\u00e4t j\u00e4sentietosi ajan tasalla. J\u00e4senmaksu on pidetty nollassa eurossa koko M\u00f6k\u00e4n olemassaolon ajan. M\u00f6k\u00e4n j\u00e4senen\u00e4 p\u00e4\u00e4set saunailtoihin, porukalla festareille, saat baariseuraa, p\u00e4\u00e4set postituslistoille joissa voit esim. hakea keikkaseuraa tai kaupata k\u00e4siin j\u00e4\u00e4neit\u00e4 keikkalippuja. Lis\u00e4ksi sinulla on \u00e4\u00e4nioikeus M\u00f6k\u00e4n kokouksissa jos olet maksanut AYY:n j\u00e4senmaksun.<\/p>\r\n\r\n\r\n\r\n<h3 id=\"soittamaan\" class=\"wp-block-heading\"><span class=\"ez-toc-section\" id=\"Mita_jos_haluan_bandini_soittamaan_Mokan_tapahtumaan\"><\/span>Mit\u00e4 jos haluan b\u00e4ndini soittamaan M\u00f6k\u00e4n tapahtumaan?<span class=\"ez-toc-section-end\"><\/span><\/h3>\r\n\r\n\r\n\r\n<p>Hallitus valitsee b\u00e4ndit, joten l\u00e4het\u00e4 mailia osoitteeseen hallitus [at] mcmoka [piste] fi ja kerro b\u00e4ndist\u00e4 (esim. tyylilaji, keikkakokemus, mahdolliset julkaisut, onko j\u00e4seniss\u00e4 m\u00f6k\u00e4l\u00e4isi\u00e4 yms). Demon voi tuoda saunailtaan tai l\u00e4hett\u00e4\u00e4 osoitteeseen Metal Club M\u00f6k\u00e4, pl 69, 02151 Espoo. Vastausta ei v\u00e4ltt\u00e4m\u00e4tt\u00e4 kuulu ennen kuin b\u00e4ndi\u00e4 kaivataan johonkin soittamaan &#8211; \u00e4lk\u00e4\u00e4 loukkaantuko, demoja tulee suht paljon.<\/p>\r\n\r\n\r\n\r\n<h3 id=\"ulkojasen\" class=\"wp-block-heading\"><span class=\"ez-toc-section\" id=\"Voinko_liittya_Mokaan_vaikka_opiskelen_yliopistollakauppakorkeassaxxx_ssa_Enta_jos_en_opiskele\"><\/span>Voinko liitty\u00e4 M\u00f6k\u00e4\u00e4n vaikka opiskelen yliopistolla\/kauppakorkeassa\/xxx:ss\u00e4? Ent\u00e4 jos en opiskele?<span class=\"ez-toc-section-end\"><\/span><\/h3>\r\n\r\n\r\n\r\n<p>Voit. Ulkoj\u00e4seneksi p\u00e4\u00e4sev\u00e4t kaikki metallista kiinnostuneet, mutta heill\u00e4 ei vain ole \u00e4\u00e4nivaltaa kerhon kokouksissa. Liittyminen toimii samalla tavalla kuin muillekin, eli t\u00e4yt\u00e4 <a href=\"http:\/\/mcmoka.fi\/?page_id=7\" data-type=\"page\" data-id=\"7\">lomake<\/a>.<\/p>\r\n\r\n\r\n\r\n<h3 id=\"missa\" class=\"wp-block-heading\"><span class=\"ez-toc-section\" id=\"Missa_ihmeessa_on_kerhohuone_Gorsu_Smokki_Ossinsauna\"><\/span>Miss\u00e4 ihmeess\u00e4 on kerhohuone \/ Gorsu \/ Sm\u00f6kki \/ Ossinsauna?<span class=\"ez-toc-section-end\"><\/span><\/h3>\r\n\r\n\r\n\r\n<p><a href=\"http:\/\/mcmoka.fi\/?page_id=451\" data-type=\"page\" data-id=\"451\">T\u00e4ss\u00e4 kartassa<\/a> n\u00e4kyy <b>kerhohuone<\/b> (J\u00e4mer\u00e4ntaival 7 A, ovi heti ulko-ovesta sis\u00e4\u00e4n astuttua oikealla), <b>Gorsu<\/b> (J\u00e4mer\u00e4ntaival 5 A, kellarikerros, ovi tielt\u00e4 katsottuna kulman takana), <b>Sm\u00f6kki<\/b> (J\u00e4mer\u00e4ntaival 4) ja <b>Ossinsauna<\/b>\u00a0(Otakaari 18, sis\u00e4\u00e4nk\u00e4ynti Teekkarikyl\u00e4n bussipys\u00e4kkien takaa).<\/p>\r\n\r\n\r\n\r\n<h3 id=\"postilistat\" class=\"wp-block-heading\"><span class=\"ez-toc-section\" id=\"Mitka_ihmeen_postituslistat\"><\/span>Mitk\u00e4 ihmeen postituslistat?<span class=\"ez-toc-section-end\"><\/span><\/h3>\r\n\r\n\r\n\r\n<p>M\u00f6k\u00e4ll\u00e4 on j\u00e4senist\u00f6lle s\u00e4hk\u00f6postilistoja, joille voit halutessasi liitty\u00e4. Lue lis\u00e4\u00e4 <a href=\"http:\/\/mcmoka.fi\/?page_id=10\" data-type=\"page\" data-id=\"10\">Viestint\u00e4-sivulta<\/a>.<\/p>\r\n\r\n\r\n\r\n<h3 id=\"olenko\" class=\"wp-block-heading\"><span class=\"ez-toc-section\" id=\"Olenko_jasen-_muulla_sahkopostilistalla\"><\/span>Olenko j\u00e4sen-\/ muulla s\u00e4hk\u00f6postilistalla?<span class=\"ez-toc-section-end\"><\/span><\/h3>\r\n\r\n\r\n\r\n<p>Ellet ole erikseen liittynyt, et ole. AYY:n nykyisen k\u00e4yt\u00e4nn\u00f6n mukaan sen alaisille s\u00e4hk\u00f6postilistoille pit\u00e4\u00e4 liitty\u00e4 itse eik\u00e4 systeemi\u00e4 voi muuttaa niin, ett\u00e4 uudet j\u00e4senet liittyisiv\u00e4t automaattisesti my\u00f6s s\u00e4hk\u00f6postilistoille liitytty\u00e4\u00e4n j\u00e4seneksi. S\u00e4hk\u00f6postilistoille liittyminen on kuitenkin simppeli homma, <a href=\"http:\/\/mcmoka.fi\/?page_id=10\" data-type=\"page\" data-id=\"10\">t\u00e4\u00e4ll\u00e4<\/a> on siihen viel\u00e4 entisest\u00e4\u00e4n helpottavat ohjeet.<\/p>\r\n\r\n\r\n\r\n<h3 id=\"salasanahukassa\" class=\"wp-block-heading\"><span class=\"ez-toc-section\" id=\"Mita_teen_kun_en_muista_salasanaani\"><\/span>Mit\u00e4 teen kun en muista salasanaani?<span class=\"ez-toc-section-end\"><\/span><\/h3>\r\n\r\n\r\n\r\n<p>Salasanan voi tilata s\u00e4hk\u00f6postiin <a href=\"http:\/\/mcmoka.fi\/?page_id=7\" data-type=\"page\" data-id=\"7\">j\u00e4sensivulla<\/a>, mink\u00e4 j\u00e4lkeen voit kirjautua s\u00e4hk\u00f6postiosoitteellasi ja salasanalla j\u00e4sentietoihin. Sielt\u00e4 p\u00e4\u00e4see muuttamaan tietojaan ja halutessaan eroamaan M\u00f6k\u00e4st\u00e4. Postilistoilta eroaminen ja M\u00f6k\u00e4st\u00e4 eroaminen tapahtuvat erikseen, ja postilistasysteemiss\u00e4 on my\u00f6s omat salasanansa.<\/p>\r\n\r\n\r\n\r\n<h3 id=\"ry\" class=\"wp-block-heading\"><span class=\"ez-toc-section\" id=\"Mika_ry_Miksi_Koska\"><\/span>Mik\u00e4 ry? Miksi? Koska?<span class=\"ez-toc-section-end\"><\/span><\/h3>\r\n\r\n\r\n\r\n<p>M\u00f6k\u00e4 oli vuoteen 2007 asti TKY:n (nykyinen AYY) yhteydess\u00e4 toimiva kulttuuriyhdistys. Hallituksen j\u00e4senet tekiv\u00e4t M\u00f6k\u00e4n puolesta sopimuksia omiin nimiins\u00e4 ja toimijat olivat vastuussa mahdollisista mokista hamaan hautaan saakka. Ry-status selkiytti hallituksen vastuuta ja rahakysymyksi\u00e4 &#8211; s\u00e4\u00e4nn\u00f6t muuttuivat samalla hiukan Patentti- ja rekisterihallituksen mielen mukaisiksi. M\u00f6k\u00e4 s\u00e4ilyi kuitenkin samalla lailla teekkariyhdistyksen\u00e4 ja uudet s\u00e4\u00e4nn\u00f6t on tarkastutettiin TKY:ll\u00e4. S\u00e4\u00e4nt\u00f6muutosten kanssa on n\u00e4tisti sanottuna painiskeltu ihan vitusti l\u00e4htien talvesta 2005\/2006, mutta lopulta 30.10.2007 yhdistys merkittiin yhdistysrekisteriin.<\/p>\r\n\r\n\r\n\r\n<h3 id=\"y-tunnus\" class=\"wp-block-heading\"><span class=\"ez-toc-section\" id=\"Mika_on_Mokan_y-tunnus\"><\/span>Mik\u00e4 on M\u00f6k\u00e4n y-tunnus?<span class=\"ez-toc-section-end\"><\/span><\/h3>\r\n\r\n\r\n\r\n<p>2180957-0<\/p>\r\n\r\n\r\n\r\n<h3 id=\"bandikamppa\" class=\"wp-block-heading\"><span class=\"ez-toc-section\" id=\"Tarjoatteko_bandikamppaa_tai_muita_bandipalveluita\"><\/span>Tarjoatteko b\u00e4ndik\u00e4mpp\u00e4\u00e4 tai muita b\u00e4ndipalveluita?<span class=\"ez-toc-section-end\"><\/span><\/h3>\r\n\r\n\r\n\r\n<p>Emme. M\u00f6k\u00e4ll\u00e4 ei ole tarjota j\u00e4senilleen (tai muille yhdistyksille) b\u00e4ndik\u00e4mpp\u00e4\u00e4, soittimia, mikkej\u00e4, PA:ta, valoja tai muita vastaavia. Noissa asioissa kannattaa k\u00e4\u00e4nty\u00e4 <a class=\"normal\" href=\"http:\/\/www.pelmu.fi\" target=\"blank_\" rel=\"noopener\">Polyteknikkojen el\u00e4v\u00e4n musiikin yhdistyksen<\/a> puoleen.<\/p>\r\n\r\n\r\n\r\n<h3 id=\"tilinumero\" class=\"wp-block-heading\"><span class=\"ez-toc-section\" id=\"Olen_Mokalle_velkaa_asiasta_x_mihin_maksan\"><\/span>Olen M\u00f6k\u00e4lle velkaa asiasta x, mihin maksan?<span class=\"ez-toc-section-end\"><\/span><\/h3>\r\n\r\n\r\n\r\n<p>M\u00f6k\u00e4n tili on Danske Bankissa, IBAN-tilinumero on FI20 8020 0710 4128 74. Laita viesti-kohtaan selitys mist\u00e4 on kyse.<\/p>\r\n\r\n\r\n\r\n<h3 id=\"vuokraus\" class=\"wp-block-heading\"><span class=\"ez-toc-section\" id=\"Haluan_vuokrata_Mokan_omaisuutta_kayttooni_miten_onnistuu_ja_paljonko_maksaa\"><\/span>Haluan vuokrata M\u00f6k\u00e4n omaisuutta k\u00e4ytt\u00f6\u00f6ni, miten onnistuu ja paljonko maksaa?<span class=\"ez-toc-section-end\"><\/span><\/h3>\r\n\r\n\r\n\r\n<p>M\u00f6k\u00e4ll\u00e4 on vuokrattavana (ainakin) aggregaatti, videotykki (valkokangas lis\u00e4optiona) sek\u00e4 mankka. Vuokrahinnat sek\u00e4 muuta asiaankuuluvaa infoa l\u00f6ytyy <a href=\"http:\/\/mcmoka.fi\/?page_id=471\" data-type=\"page\" data-id=\"471\">vuokralomakkeestamme<\/a>.<\/p>\r\n\r\n\r\n\r\n<h3 id=\"tiedot\" class=\"wp-block-heading\"><span class=\"ez-toc-section\" id=\"Mista_tiedan_mita_tietoja_minusta_on_Mokan_jasenrekisterissa\"><\/span>Mist\u00e4 tied\u00e4n mit\u00e4 tietoja minusta on M\u00f6k\u00e4n j\u00e4senrekisteriss\u00e4?<span class=\"ez-toc-section-end\"><\/span><\/h3>\r\n\r\n\r\n\r\n<p>Ota yhteytt\u00e4 <a href=\"http:\/\/mcmoka.fi\/?page_id=11\" data-type=\"page\" data-id=\"11\">hallitukseen<\/a>.<\/p>\r\n\r\n\r\n\r\n<h3 id=\"virhe\" class=\"wp-block-heading\"><span class=\"ez-toc-section\" id=\"Loysin_sivuilta_virheen_Minulla_on_parannusehdotus_Mita_teen\"><\/span>L\u00f6ysin sivuilta virheen! Minulla on parannusehdotus! Mit\u00e4 teen?<span class=\"ez-toc-section-end\"><\/span><\/h3>\r\n\r\n\r\n\r\n<p>Ota yhteytt\u00e4 hallitukseen: hallitus [at] mcmoka [piste] fi<\/p>\r\n","protected":false},"excerpt":{"rendered":"<p>Usein kysyttyj\u00e4 kysymyksi\u00e4 Miten liityn M\u00f6k\u00e4\u00e4n? T\u00e4yt\u00e4 j\u00e4senhakemus. Jos hakemuksen kanssa on ongelmia, ota yhteytt\u00e4 hallitukseen: hallitus [at] mcmoka [piste] fi. Mik\u00e4 M\u00f6k\u00e4? Hevaymusiikki on maailman t\u00e4rkein asia! S\u00e4r\u00f6kitaroita sek\u00e4 tuplabasareita ilman ei voi el\u00e4\u00e4! Miss\u00e4\u00e4n muussa musiikkityyliss\u00e4 ei ole samanlaista voimaa! Mik\u00e4li ajattelet n\u00e4in, liity M\u00f6k\u00e4\u00e4n. Mik\u00e4li et, liity silti ja alat pian ajatella &#8230; <a title=\"UKK\" class=\"read-more\" href=\"https:\/\/mcmoka.fi\/?page_id=13\">Read more<span class=\"screen-reader-text\">UKK<\/span><\/a><\/p>\n","protected":false},"author":1,"featured_media":0,"parent":9,"menu_order":18,"comment_status":"closed","ping_status":"closed","template":"","meta":{"footnotes":""},"class_list":["post-13","page","type-page","status-publish"],"_links":{"self":[{"href":"https:\/\/mcmoka.fi\/index.php?rest_route=\/wp\/v2\/pages\/13","targetHints":{"allow":["GET"]}}],"collection":[{"href":"https:\/\/mcmoka.fi\/index.php?rest_route=\/wp\/v2\/pages"}],"about":[{"href":"https:\/\/mcmoka.fi\/index.php?rest_route=\/wp\/v2\/types\/page"}],"author":[{"embeddable":true,"href":"https:\/\/mcmoka.fi\/index.php?rest_route=\/wp\/v2\/users\/1"}],"replies":[{"embeddable":true,"href":"https:\/\/mcmoka.fi\/index.php?rest_route=%2Fwp%2Fv2%2Fcomments&post=13"}],"version-history":[{"count":9,"href":"https:\/\/mcmoka.fi\/index.php?rest_route=\/wp\/v2\/pages\/13\/revisions"}],"predecessor-version":[{"id":796,"href":"https:\/\/mcmoka.fi\/index.php?rest_route=\/wp\/v2\/pages\/13\/revisions\/796"}],"up":[{"embeddable":true,"href":"https:\/\/mcmoka.fi\/index.php?rest_route=\/wp\/v2\/pages\/9"}],"wp:attachment":[{"href":"https:\/\/mcmoka.fi\/index.php?rest_route=%2Fwp%2Fv2%2Fmedia&parent=13"}],"curies":[{"name":"wp","href":"https:\/\/api.w.org\/{rel}","templated":true}]}}