{"id":12,"date":"2016-09-01T20:38:58","date_gmt":"2016-09-01T20:38:58","guid":{"rendered":"http:\/\/localhost:8667\/?p=12"},"modified":"2023-07-21T09:07:30","modified_gmt":"2023-07-21T09:07:30","slug":"kerhohuone","status":"publish","type":"page","link":"https:\/\/mcmoka.fi\/?page_id=12","title":{"rendered":"Kerhohuone"},"content":{"rendered":"\n<p>Metal Club M\u00f6k\u00e4n kerhohuone sijaitsee Espoon Otaniemess\u00e4, J\u00e4mer\u00e4ntaival 7 A:ssa. <a href=\"http:\/\/mcmoka.fi\/?page_id=451\" data-type=\"page\" data-id=\"451\">T\u00e4st\u00e4<\/a> n\u00e4et saman kartalla, punainen piste on siis kerhohuone. Kerhohuone on heti ulko-oven j\u00e4lkeen oikealla, logosta et voi erehty\u00e4. Vessa taas sijaitsee saman k\u00e4yt\u00e4v\u00e4n varrella vasemmalla. Tila varusteineen on M\u00f6k\u00e4n j\u00e4senten k\u00e4ytett\u00e4viss\u00e4 yhteisten pelis\u00e4\u00e4nt\u00f6jen mukaan.<\/p>\n\n\n\n<p>Yhdistyksen kokouksessa on hyv\u00e4ksytty kerhohuoneen k\u00e4ytt\u00f6s\u00e4\u00e4nn\u00f6t, joita k\u00e4ytt\u00e4jien pit\u00e4\u00e4 noudattaa. T\u00e4ss\u00e4 niist\u00e4 lyhyt ote:<\/p>\n\n\n\n<p><strong><i>Kerhohuoneen 6 peruss\u00e4\u00e4nt\u00f6\u00e4<\/i><\/strong><\/p>\n\n\n\n<p>1. Kerhohuone on MC M\u00f6k\u00e4n j\u00e4senist\u00f6n k\u00e4ytett\u00e4viss\u00e4. Jos haluat kerhohuoneelle, ota yhteytt\u00e4 hallitukseen.<\/p>\n\n\n\n<p>2. Tavarat on laitettava paikoilleen ja roskat siivottava pois.<\/p>\n\n\n\n<p>3. Kerhohuonetta ei ole tarkoitettu omien tavaroiden s\u00e4ilytykseen.<\/p>\n\n\n\n<p>4. Pidemm\u00e4ksi aikaa j\u00e4\u00e4neet tavarat kuljetetaan roskakatokseen.<\/p>\n\n\n\n<p>5. Yhdistys ei vastaa tilan k\u00e4ytt\u00e4jien kerhotilaan tuomista tai j\u00e4tt\u00e4mist\u00e4 kamoista.<\/p>\n\n\n\n<p>6. J\u00e4sen on vastuussa kerhotilaan tuomista vierailijoistaan.<\/p>\n\n\n\n<p>Kerhohuoneelta l\u00f6ytyy kolme sohvaa ym. kalusteita, kaasugrilli, j\u00e4\u00e4kaappi, kahvinkeitin, mikroaaltouuni, tietokone, videotykki ja tietenkin \u00e4\u00e4nentoistolaitteet hevin kuunteluun. N\u00e4iden lis\u00e4ksi l\u00f6ytyy my\u00f6s m\u00f6lkky-, kroketti- ja petanquepelit. Hallituksen kiinnostus varustelutason kohentamiseen on kylm\u00e4n sodan suuruusluokkaa, ota yhteytt\u00e4 hallitukseen, mik\u00e4li keksit jotain parannettavaa!<\/p>\n\n\n\n<p>Kerhohuoneella on toimintaa yleens\u00e4 saunailtojen j\u00e4lkeen, mutta toisinaan, esim. kes\u00e4keleill\u00e4 grillausta s\u00e4\u00e4nn\u00f6llisen ep\u00e4s\u00e4\u00e4nn\u00f6llisesti. Jos haluat tiet\u00e4\u00e4, onko kerhohuoneella juuri nyt joku, t\u00e4m\u00e4 selvinnee parhaiten M\u00f6k\u00e4n Facebookista tai hallituslistalta.<\/p>\n","protected":false},"excerpt":{"rendered":"<p>Metal Club M\u00f6k\u00e4n kerhohuone sijaitsee Espoon Otaniemess\u00e4, J\u00e4mer\u00e4ntaival 7 A:ssa. T\u00e4st\u00e4 n\u00e4et saman kartalla, punainen piste on siis kerhohuone. Kerhohuone on heti ulko-oven j\u00e4lkeen oikealla, logosta et voi erehty\u00e4. Vessa taas sijaitsee saman k\u00e4yt\u00e4v\u00e4n varrella vasemmalla. Tila varusteineen on M\u00f6k\u00e4n j\u00e4senten k\u00e4ytett\u00e4viss\u00e4 yhteisten pelis\u00e4\u00e4nt\u00f6jen mukaan. Yhdistyksen kokouksessa on hyv\u00e4ksytty kerhohuoneen k\u00e4ytt\u00f6s\u00e4\u00e4nn\u00f6t, joita k\u00e4ytt\u00e4jien pit\u00e4\u00e4 noudattaa. &#8230; <a title=\"Kerhohuone\" class=\"read-more\" href=\"https:\/\/mcmoka.fi\/?page_id=12\">Read more<span class=\"screen-reader-text\">Kerhohuone<\/span><\/a><\/p>\n","protected":false},"author":1,"featured_media":0,"parent":9,"menu_order":17,"comment_status":"open","ping_status":"open","template":"","meta":{"footnotes":""},"class_list":["post-12","page","type-page","status-publish"],"_links":{"self":[{"href":"https:\/\/mcmoka.fi\/index.php?rest_route=\/wp\/v2\/pages\/12","targetHints":{"allow":["GET"]}}],"collection":[{"href":"https:\/\/mcmoka.fi\/index.php?rest_route=\/wp\/v2\/pages"}],"about":[{"href":"https:\/\/mcmoka.fi\/index.php?rest_route=\/wp\/v2\/types\/page"}],"author":[{"embeddable":true,"href":"https:\/\/mcmoka.fi\/index.php?rest_route=\/wp\/v2\/users\/1"}],"replies":[{"embeddable":true,"href":"https:\/\/mcmoka.fi\/index.php?rest_route=%2Fwp%2Fv2%2Fcomments&post=12"}],"version-history":[{"count":4,"href":"https:\/\/mcmoka.fi\/index.php?rest_route=\/wp\/v2\/pages\/12\/revisions"}],"predecessor-version":[{"id":499,"href":"https:\/\/mcmoka.fi\/index.php?rest_route=\/wp\/v2\/pages\/12\/revisions\/499"}],"up":[{"embeddable":true,"href":"https:\/\/mcmoka.fi\/index.php?rest_route=\/wp\/v2\/pages\/9"}],"wp:attachment":[{"href":"https:\/\/mcmoka.fi\/index.php?rest_route=%2Fwp%2Fv2%2Fmedia&parent=12"}],"curies":[{"name":"wp","href":"https:\/\/api.w.org\/{rel}","templated":true}]}}