{"id":10,"date":"2016-09-01T20:33:03","date_gmt":"2016-09-01T20:33:03","guid":{"rendered":"http:\/\/localhost:8667\/?p=10"},"modified":"2024-12-03T15:47:41","modified_gmt":"2024-12-03T15:47:41","slug":"viestintae","status":"publish","type":"page","link":"https:\/\/mcmoka.fi\/?page_id=10","title":{"rendered":"Viestint\u00e4"},"content":{"rendered":"\r\n<p><strong>Jos haluat ottaa yhteytt\u00e4 M\u00f6k\u00e4\u00e4n, paras tapa siihen on laittaa s\u00e4hk\u00f6postia hallitukselle: hallitus [at] mcmoka [piste] fi<\/strong><\/p>\r\n<p>Voit my\u00f6s kurkata <a href=\"https:\/\/mcmoka.fi\/?page_id=13\">UKK<\/a> jos jokin M\u00f6k\u00e4ss\u00e4 ihmetytt\u00e4\u00e4.<\/p>\r\n\r\n\r\n\r\n<p>M\u00f6k\u00e4ll\u00e4 on seuraavanlainen kokoelma viestint\u00e4kanavia, joista voi valita mieleisens\u00e4:<\/p>\r\n\r\n\r\n\r\n<h3 id=\"listat\" class=\"wp-block-heading\">S\u00e4hk\u00f6postilistat<\/h3>\r\n<p><strong>J\u00e4senlista. <\/strong>T\u00e4t\u00e4 listaa k\u00e4ytet\u00e4\u00e4n M\u00f6k\u00e4n omista tapahtumista tiedottamiseen ja jokaista j\u00e4sent\u00e4 koskeviin asioihin. Listalle l\u00e4hett\u00e4\u00e4 viestej\u00e4 vain M\u00f6k\u00e4n hallitus. <strong>S<\/strong><b>uositellaan kaikille j\u00e4senille!<\/b> Maileja tulee aktiivisimmillaan muutama kuussa, joten ette huku mailitulvaan. J\u00e4senlistan voi tilata t\u00e4ytt\u00e4m\u00e4ll\u00e4 alla olevan lomakkeen.<\/p>\r\n<!-- \/wp:post-content -->\r\n<p><script async src=\"https:\/\/eocampaign1.com\/form\/b8d2945c-b186-11ef-84b7-8fe45a30a3cf.js\" data-form=\"b8d2945c-b186-11ef-84b7-8fe45a30a3cf\"><\/script><\/p>\r\n<!-- wp:paragraph \/-->\r\n\r\n<!-- wp:paragraph -->\r\n<p><strong>Urheilulista<\/strong> on tarkoitettu M\u00f6k\u00e4n urheiluaktiviteeteista tiedottamiseen ja keskusteluun. Sit\u00e4 moderoivat eri henkil\u00f6t kuin j\u00e4senlistaa. Nimest\u00e4\u00e4n huolimatta listalle tulee s\u00e4hlyviestien lis\u00e4ksi my\u00f6s kes\u00e4isin muihin lajeihin kohdistuvia peliporukkamaanitteluja. Jos haluat tilata listan, ota yhteytt\u00e4 murheiluvastaavaan tai hallitukseen.<\/p>\r\n<!-- \/wp:paragraph -->\r\n\r\n<!-- wp:heading {\"level\":4} -->\r\n<h3 id=\"facebook\" class=\"wp-block-heading\">Telegram<\/h3>\r\n<!-- \/wp:heading -->\r\n\r\n<!-- wp:paragraph -->\r\n<p>M\u00f6k\u00e4n Telegram-ryhm\u00e4ss\u00e4 tiedotetaan tapahtumista ja keskustellaan j\u00e4senten kesken. Laita viesti hallitukselle niin saat linkin ryhm\u00e4\u00e4n.<\/p>\r\n<!-- \/wp:paragraph -->\r\n\r\n<!-- wp:heading {\"level\":4} -->\r\n<h3 id=\"facebook\" class=\"wp-block-heading\">Facebook<\/h3>\r\n<!-- \/wp:heading -->\r\n\r\n<!-- wp:paragraph -->\r\n<p><a href=\"https:\/\/www.facebook.com\/MetalClubMoka\/\">Facebook-sivu<\/a> on kanava, jolla vain M\u00f6k\u00e4n hallitus tiedottaa M\u00f6k\u00e4n tapahtumista ja muista kerhoon liittyvist\u00e4 asioista.<\/p>\r\n<!-- \/wp:paragraph -->\r\n\r\n<!-- wp:paragraph -->\r\n<p><a href=\"https:\/\/www.facebook.com\/groups\/5095833916\/\">Facebook-ryhm\u00e4<\/a> on kanava, jolla aktiivilistaa vastaavasti muutkin j\u00e4senet voivat keskustella ja tiedottaa kerholle kiintoisista asioista.<\/p>\r\n<!-- \/wp:paragraph -->\r\n\r\n<!-- wp:heading {\"level\":4} -->\r\n<h3 class=\"wp-block-heading\">Instagram<\/h3>\r\n<!-- \/wp:heading -->\r\n\r\n<!-- wp:paragraph -->\r\n<p><a href=\"https:\/\/www.instagram.com\/metalclubmoka\/\">M\u00f6k\u00e4n Instagram<\/a> on viestint\u00e4kanavista uusin, jonne p\u00e4ivitell\u00e4\u00e4n mm. keikkakuvia, kerhon tunnelmia ja ajankohtaisia uutisia.<\/p>\r\n<!-- \/wp:paragraph -->\r\n\r\n<!-- wp:heading {\"level\":4} -->\r\n<h3 class=\"wp-block-heading\">IRC<\/h3>\r\n<!-- \/wp:heading -->\r\n\r\n<!-- wp:paragraph -->\r\n<p>M\u00f6k\u00e4ll\u00e4 on lis\u00e4ksi IRCnet-verkossa kanava <b>!mcmoka<\/b>. IRC ei ole virallinen tiedotuskanava, mutta siell\u00e4 mahdollisesti viel\u00e4 roikkuvien m\u00f6k\u00e4l\u00e4isten kanssa voi yritt\u00e4\u00e4 her\u00e4tell\u00e4 keskustelua. Kanavalla esiinnyt\u00e4\u00e4n omalla nimell\u00e4, joten toivottavaa olisi ett\u00e4 vierailijoillakin olisi realname-kohdassa oma koko nimi. Irkiss\u00e4 kannattaa my\u00f6s k\u00e4ytt\u00e4yty\u00e4 ihmisiksi jos haluaa pysy\u00e4 kanavalla.<\/p>\r\n<!-- \/wp:paragraph -->\r\n\r\n<!-- wp:heading {\"level\":4} -->\r\n<h3 id=\"web\" class=\"wp-block-heading\">J\u00e4senrekisteri<\/h3>\r\n<!-- \/wp:heading -->\r\n\r\n<!-- wp:paragraph -->\r\n<p><a href=\"https:\/\/mcmoka.yhdistysavain.fi\/\">M\u00f6k\u00e4n j\u00e4senrekisteri<\/a> sijaitsee Yhdistysavain-palvelussa, ja se ei ole automaattisesti yhteydess\u00e4 mihink\u00e4\u00e4n muuhun viestint\u00e4kanavaan. Sen kautta j\u00e4senet voivat muokata j\u00e4sentietojaan itsen\u00e4isesti salasanan avulla. J\u00e4senrekisterin kautta j\u00e4senet saavat kerran vuodessa kyselyn p\u00e4ivitt\u00e4\u00e4 j\u00e4sentietojaan.<\/p>\r\n<!-- \/wp:paragraph -->","protected":false},"excerpt":{"rendered":"<p>Jos haluat ottaa yhteytt\u00e4 M\u00f6k\u00e4\u00e4n, paras tapa siihen on laittaa s\u00e4hk\u00f6postia hallitukselle: hallitus [at] mcmoka [piste] fi Voit my\u00f6s kurkata UKK jos jokin M\u00f6k\u00e4ss\u00e4 ihmetytt\u00e4\u00e4. M\u00f6k\u00e4ll\u00e4 on seuraavanlainen kokoelma viestint\u00e4kanavia, joista voi valita mieleisens\u00e4: S\u00e4hk\u00f6postilistat J\u00e4senlista. T\u00e4t\u00e4 listaa k\u00e4ytet\u00e4\u00e4n M\u00f6k\u00e4n omista tapahtumista tiedottamiseen ja jokaista j\u00e4sent\u00e4 koskeviin asioihin. Listalle l\u00e4hett\u00e4\u00e4 viestej\u00e4 vain M\u00f6k\u00e4n hallitus. Suositellaan &#8230; <a title=\"Viestint\u00e4\" class=\"read-more\" href=\"https:\/\/mcmoka.fi\/?page_id=10\">Read more<span class=\"screen-reader-text\">Viestint\u00e4<\/span><\/a><\/p>\n","protected":false},"author":1,"featured_media":0,"parent":9,"menu_order":15,"comment_status":"closed","ping_status":"closed","template":"","meta":{"footnotes":""},"class_list":["post-10","page","type-page","status-publish"],"_links":{"self":[{"href":"https:\/\/mcmoka.fi\/index.php?rest_route=\/wp\/v2\/pages\/10","targetHints":{"allow":["GET"]}}],"collection":[{"href":"https:\/\/mcmoka.fi\/index.php?rest_route=\/wp\/v2\/pages"}],"about":[{"href":"https:\/\/mcmoka.fi\/index.php?rest_route=\/wp\/v2\/types\/page"}],"author":[{"embeddable":true,"href":"https:\/\/mcmoka.fi\/index.php?rest_route=\/wp\/v2\/users\/1"}],"replies":[{"embeddable":true,"href":"https:\/\/mcmoka.fi\/index.php?rest_route=%2Fwp%2Fv2%2Fcomments&post=10"}],"version-history":[{"count":6,"href":"https:\/\/mcmoka.fi\/index.php?rest_route=\/wp\/v2\/pages\/10\/revisions"}],"predecessor-version":[{"id":727,"href":"https:\/\/mcmoka.fi\/index.php?rest_route=\/wp\/v2\/pages\/10\/revisions\/727"}],"up":[{"embeddable":true,"href":"https:\/\/mcmoka.fi\/index.php?rest_route=\/wp\/v2\/pages\/9"}],"wp:attachment":[{"href":"https:\/\/mcmoka.fi\/index.php?rest_route=%2Fwp%2Fv2%2Fmedia&parent=10"}],"curies":[{"name":"wp","href":"https:\/\/api.w.org\/{rel}","templated":true}]}}